{"id":98,"date":"2025-02-03T13:56:17","date_gmt":"2025-02-03T13:56:17","guid":{"rendered":"https:\/\/dovida.ch\/join-our-team-of-in-home-caregivers-for-elderly-australians-copy\/"},"modified":"2025-04-15T12:26:07","modified_gmt":"2025-04-15T12:26:07","slug":"accompagnant-e-24h-24","status":"publish","type":"page","link":"https:\/\/dovida.ch\/fr\/carriere\/accompagnant-e-24h-24\/","title":{"rendered":"Accompagnant-e-24h-24"},"content":{"rendered":"\n<section class=\"wp-block-dovida-split-screen-cover mt-split-screen-cover mt-split-screen-cover--align-media-left\"><div class=\"mt-split-screen-cover__inner page-container\"><div class=\"mt-split-screen-cover__image-container object-fit\"><img decoding=\"async\" class=\"mt-split-screen-cover__image-container object-fit\" src=\"https:\/\/dovida.ch\/wp-content\/uploads\/sites\/7\/2025\/02\/dovida-elderly-home-care-covering-with-blanket-scaled.jpg\" alt=\"Une accompagnante aide un homme \u00e2g\u00e9 \u00e0 s\u2019installer dans un fauteuil, refl\u00e9tant le d\u00e9vouement que l\u2019on retrouve dans la formation d\u2019accompagnant\/e et dans les emplois Dovida.\" style=\"object-position:center\"\/><\/div><div class=\"mt-split-screen-cover__text-container\"><h1 class=\"mt-title mt-split-screen-cover__title mt-title\">Accompagnant 24 heures sur 24<\/h1>\n<p>Devenez accompagnant\/e et changez la vie des personnes \u00e2g\u00e9es en Suisse<\/p>\n\n\n\n<div class=\"wp-block-buttons is-layout-flex wp-block-buttons-is-layout-flex\">\n<div class=\"wp-block-button\"><a class=\"wp-block-button__link wp-element-button\" href=\"https:\/\/eu-1.fountain.com\/apply\/dovida-switzerland\/opening\/betreuende-livein-fr-seniorendienste-schweiz-ag\">Postulez maintenant<\/a><\/div>\n<\/div>\n<\/div><\/div><\/section>\n\n\n\n<section class=\"mtSpacing-top-large wp-block-dovida-post-content mt-post-content\"><div class=\"mt-post-content__inner\"><div class=\"mt-post-content__content\">\n<h2 class=\"wp-block-heading\">Devenez Accompagnant\/e 24\/24<\/h2>\n\n\n\n<p>En tant qu&rsquo;accompagnant\/e ou soignant\/e 24\/24 chez Dovida, vous prenez en charge des seniors en Suisse de mani\u00e8re globale \u00e0 leur domicile. Pendant vos interventions, vous vivez au domicile de votre client. Votre temps de travail actif hebdomadaire et votre disponibilit\u00e9 sont d\u00e9finis de mani\u00e8re fixe et se basent sur les directives de la loi suisse sur le travail.<\/p>\n\n\n\n<p>Nous recherchons des accompagnants respectueux et empathiques, titulaires d&rsquo;un certificat d&rsquo;aide-soignant reconnu en Suisse. Vous souhaitez faire une diff\u00e9rence dans la vie d&rsquo;une personne tout en profitant des avantages d&rsquo;un emploi en Suisse.<\/p>\n\n\n\n<p>Vous vivez en alternance r\u00e9guli\u00e8re chez vous dans votre pays d&rsquo;origine et chez le client en Suisse. Vous y disposez de votre propre chambre, y compris d&rsquo;une connexion WLAN. Pour commencer, vous recevrez une formation compl\u00e8te. Pendant votre s\u00e9jour, les interlocuteurs locaux de Dovida seront toujours \u00e0 vos c\u00f4t\u00e9s pour r\u00e9pondre \u00e0 toutes vos questions et pr\u00e9occupations.<\/p>\n<\/div><\/div><\/section>\n\n\n\n<section class=\"wp-block-morningmodules-text-link-boxes mt-text-link-boxes mt-text-link-boxes--mobile-slider mtSpacing-top-large\" data-count=\"3\"><div class=\"mt-text-link-boxes__wrapper\"><div class=\"mt-text-link-boxes__inner\"><div class=\"mt-text-link-boxes__text-container\"><h2 class=\"mt-title mt-text-link-boxes__title mt-title\">Avantages de l&rsquo;accompagnant\/e Live In<\/h2><p class=\"mt-text-link-boxes__text\">Les avantages dont b\u00e9n\u00e9ficie une personne accompagnante chez Dovida<\/p><\/div><div class=\"mt-text-link-boxes__boxes-wrapper\"><div class=\"swiper\"><div class=\"swiper-wrapper\">\n<div class=\"wp-block-morningmodules-text-link-box mt-text-link-box swiper-slide\"><div class=\"mt-text-link-box__title-container\"><div class=\"mt-text-link-box__icon-container\"><img decoding=\"async\" class=\"\" src=\"https:\/\/dovida.ch\/wp-content\/uploads\/sites\/7\/2025\/02\/Checkmark_icon.svg\" alt=\"\" style=\"object-position:center\"\/><\/div><h3 class=\"mt-title mt-text-link-box__title mt-title\">Conditions avantageuses<\/h3><\/div><p class=\"mt-text-link-box__text\">Nous offrons un salaire attrayant ainsi que le logement, les repas et du temps libre d\u00e9di\u00e9.<\/p><\/div>\n\n\n\n<div class=\"wp-block-morningmodules-text-link-box mt-text-link-box swiper-slide\"><div class=\"mt-text-link-box__title-container\"><div class=\"mt-text-link-box__icon-container\"><img decoding=\"async\" class=\"\" src=\"https:\/\/dovida.ch\/wp-content\/uploads\/sites\/7\/2025\/02\/Home_heart.svg\" alt=\"&quot;&quot;\" style=\"object-position:center\"\/><\/div><h3 class=\"mt-title mt-text-link-box__title mt-title\">Des conditions de travail \u00e9quitables<\/h3><\/div><p class=\"mt-text-link-box__text\">Dovida est soumise \u00e0 la convention collective de travail (CCT) de location de services. Une CCT est synonyme d\u2019\u00e9quit\u00e9, de pr\u00e9visibilit\u00e9, de stabilit\u00e9 et constitue la meilleure garantie de bonnes conditions de travail.<\/p><\/div>\n\n\n\n<div class=\"wp-block-morningmodules-text-link-box mt-text-link-box swiper-slide\"><div class=\"mt-text-link-box__title-container\"><div class=\"mt-text-link-box__icon-container\"><img decoding=\"async\" class=\"\" src=\"https:\/\/dovida.ch\/wp-content\/uploads\/sites\/7\/2025\/02\/Person_heart-1.svg\" alt=\"&quot;&quot;\" style=\"object-position:center\"\/><\/div><h3 class=\"mt-title mt-text-link-box__title mt-title\">Un travail qui a du sens<\/h3><\/div><p class=\"mt-text-link-box__text\">\u00c9prouvez la joie d\u2019avoir un impact r\u00e9el et significatif sur la vie de personnes \u00e2g\u00e9es.<\/p><\/div>\n<\/div><\/div><div class=\"mt-text-link-boxes__navigation swiper-bottom-container\"><div class=\"mt-text-link-boxes__swiper-progress swiper-progress\"><\/div><div class=\"mt-text-link-boxes__swiper-buttons swiper-buttons\"><div class=\"mt-text-link-boxes__swiper-button mt-text-link-boxes__swiper-button--prev swiper-button-prev\"><\/div><div class=\"mt-text-link-boxes__swiper-button mt-text-link-boxes__swiper-button--next swiper-button-next\"><\/div><\/div><\/div><\/div><\/div><\/div><\/section>\n\n\n\n<section class=\"mtSpacing-top-large mtSpacing-bottom-large wp-block-dovida-header-with-more mt-header-with-more top-bottom\"><div class=\"mt-header-with-more__inner page-container\"><h2 class=\"mt-title mt-header-with-more__title mt-title\">Nous recherchons des personnes comme vous!<\/h2>\n<div class=\"wp-block-buttons is-layout-flex wp-block-buttons-is-layout-flex\">\n<div class=\"wp-block-button is-style-primary\"><a class=\"wp-block-button__link wp-element-button\" href=\"https:\/\/eu-1.fountain.com\/c\/dovida-switzerland\/dovida-schweiz\/CH\" target=\"_blank\" rel=\"noreferrer noopener\">Postulez maintenant<\/a><\/div>\n<\/div>\n<\/div><\/section>\n\n\n\n<p><\/p>\n","protected":false},"excerpt":{"rendered":"","protected":false},"author":5,"featured_media":0,"parent":17,"menu_order":0,"comment_status":"closed","ping_status":"closed","template":"","meta":{"_acf_changed":false,"inline_featured_image":false,"footnotes":""},"class_list":["post-98","page","type-page","status-publish","hentry"],"acf":[],"yoast_head":"<!-- This site is optimized with the Yoast SEO plugin v26.9 - https:\/\/yoast.com\/product\/yoast-seo-wordpress\/ -->\n<title>Int\u00e9grez notre \u00e9quipe d\u2019auxiliaires de vie r\u00e9sident\/e\/s pour personnes \u00e2g\u00e9es<\/title>\n<meta name=\"description\" content=\"Trouvez une carri\u00e8re gratifiante en tant qu\u2019auxiliaire de vie r\u00e9sident\/e chez Dovida. Changez la vie d\u2019une personne et recevez un salaire comp\u00e9titif et un soutien complet.\" \/>\n<meta name=\"robots\" content=\"index, follow, max-snippet:-1, max-image-preview:large, max-video-preview:-1\" \/>\n<link rel=\"canonical\" href=\"https:\/\/dovida.ch\/fr\/carriere\/accompagnant-e-24h-24\/\" \/>\n<meta property=\"og:locale\" content=\"fr_FR\" \/>\n<meta property=\"og:type\" content=\"article\" \/>\n<meta property=\"og:title\" content=\"Int\u00e9grez notre \u00e9quipe d\u2019auxiliaires de vie r\u00e9sident\/e\/s pour personnes \u00e2g\u00e9es\" \/>\n<meta property=\"og:description\" content=\"Trouvez une carri\u00e8re gratifiante en tant qu\u2019auxiliaire de vie r\u00e9sident\/e chez Dovida. Changez la vie d\u2019une personne et recevez un salaire comp\u00e9titif et un soutien complet.\" \/>\n<meta property=\"og:url\" content=\"https:\/\/dovida.ch\/fr\/carriere\/accompagnant-e-24h-24\/\" \/>\n<meta property=\"og:site_name\" content=\"Dovida CH\" \/>\n<meta property=\"article:modified_time\" content=\"2025-04-15T12:26:07+00:00\" \/>\n<meta property=\"og:image\" content=\"https:\/\/dovida.ch\/wp-content\/uploads\/sites\/7\/2025\/02\/dovida-elderly-home-care-covering-with-blanket-scaled.jpg\" \/>\n<meta name=\"twitter:card\" content=\"summary_large_image\" \/>\n<meta name=\"twitter:label1\" content=\"Dur\u00e9e de lecture estim\u00e9e\" \/>\n\t<meta name=\"twitter:data1\" content=\"2 minutes\" \/>\n<script type=\"application\/ld+json\" class=\"yoast-schema-graph\">{\"@context\":\"https:\/\/schema.org\",\"@graph\":[{\"@type\":\"WebPage\",\"@id\":\"https:\/\/dovida.ch\/fr\/carriere\/accompagnant-e-24h-24\/\",\"url\":\"https:\/\/dovida.ch\/fr\/carriere\/accompagnant-e-24h-24\/\",\"name\":\"Int\u00e9grez notre \u00e9quipe d\u2019auxiliaires de vie r\u00e9sident\/e\/s pour personnes \u00e2g\u00e9es\",\"isPartOf\":{\"@id\":\"https:\/\/dovida.ch\/fr\/#website\"},\"primaryImageOfPage\":{\"@id\":\"https:\/\/dovida.ch\/fr\/carriere\/accompagnant-e-24h-24\/#primaryimage\"},\"image\":{\"@id\":\"https:\/\/dovida.ch\/fr\/carriere\/accompagnant-e-24h-24\/#primaryimage\"},\"thumbnailUrl\":\"https:\/\/dovida.ch\/wp-content\/uploads\/sites\/7\/2025\/02\/dovida-elderly-home-care-covering-with-blanket-scaled.jpg\",\"datePublished\":\"2025-02-03T13:56:17+00:00\",\"dateModified\":\"2025-04-15T12:26:07+00:00\",\"description\":\"Trouvez une carri\u00e8re gratifiante en tant qu\u2019auxiliaire de vie r\u00e9sident\/e chez Dovida. Changez la vie d\u2019une personne et recevez un salaire comp\u00e9titif et un soutien complet.\",\"breadcrumb\":{\"@id\":\"https:\/\/dovida.ch\/fr\/carriere\/accompagnant-e-24h-24\/#breadcrumb\"},\"inLanguage\":\"fr-FR\",\"potentialAction\":[{\"@type\":\"ReadAction\",\"target\":[\"https:\/\/dovida.ch\/fr\/carriere\/accompagnant-e-24h-24\/\"]}]},{\"@type\":\"ImageObject\",\"inLanguage\":\"fr-FR\",\"@id\":\"https:\/\/dovida.ch\/fr\/carriere\/accompagnant-e-24h-24\/#primaryimage\",\"url\":\"https:\/\/dovida.ch\/wp-content\/uploads\/sites\/7\/2025\/02\/dovida-elderly-home-care-covering-with-blanket-scaled.jpg\",\"contentUrl\":\"https:\/\/dovida.ch\/wp-content\/uploads\/sites\/7\/2025\/02\/dovida-elderly-home-care-covering-with-blanket-scaled.jpg\"},{\"@type\":\"BreadcrumbList\",\"@id\":\"https:\/\/dovida.ch\/fr\/carriere\/accompagnant-e-24h-24\/#breadcrumb\",\"itemListElement\":[{\"@type\":\"ListItem\",\"position\":1,\"name\":\"Home\",\"item\":\"https:\/\/dovida.ch\/fr\/\"},{\"@type\":\"ListItem\",\"position\":2,\"name\":\"Carriere\",\"item\":\"https:\/\/dovida.ch\/fr\/carriere\/\"},{\"@type\":\"ListItem\",\"position\":3,\"name\":\"Accompagnant-e-24h-24\"}]},{\"@type\":\"WebSite\",\"@id\":\"https:\/\/dovida.ch\/fr\/#website\",\"url\":\"https:\/\/dovida.ch\/fr\/\",\"name\":\"Dovida\",\"description\":\"\",\"publisher\":{\"@id\":\"https:\/\/dovida.ch\/fr\/#organization\"},\"potentialAction\":[{\"@type\":\"SearchAction\",\"target\":{\"@type\":\"EntryPoint\",\"urlTemplate\":\"https:\/\/dovida.ch\/fr\/?s={search_term_string}\"},\"query-input\":{\"@type\":\"PropertyValueSpecification\",\"valueRequired\":true,\"valueName\":\"search_term_string\"}}],\"inLanguage\":\"fr-FR\"},{\"@type\":\"Organization\",\"@id\":\"https:\/\/dovida.ch\/fr\/#organization\",\"name\":\"Dovida\",\"url\":\"https:\/\/dovida.ch\/fr\/\",\"logo\":{\"@type\":\"ImageObject\",\"inLanguage\":\"fr-FR\",\"@id\":\"https:\/\/dovida.ch\/fr\/#\/schema\/logo\/image\/\",\"url\":\"https:\/\/dovida.ch\/wp-content\/uploads\/sites\/7\/2025\/03\/organization-logo.jpg\",\"contentUrl\":\"https:\/\/dovida.ch\/wp-content\/uploads\/sites\/7\/2025\/03\/organization-logo.jpg\",\"width\":696,\"height\":696,\"caption\":\"Dovida\"},\"image\":{\"@id\":\"https:\/\/dovida.ch\/fr\/#\/schema\/logo\/image\/\"}}]}<\/script>\n<!-- \/ Yoast SEO plugin. -->","yoast_head_json":{"title":"Int\u00e9grez notre \u00e9quipe d\u2019auxiliaires de vie r\u00e9sident\/e\/s pour personnes \u00e2g\u00e9es","description":"Trouvez une carri\u00e8re gratifiante en tant qu\u2019auxiliaire de vie r\u00e9sident\/e chez Dovida. Changez la vie d\u2019une personne et recevez un salaire comp\u00e9titif et un soutien complet.","robots":{"index":"index","follow":"follow","max-snippet":"max-snippet:-1","max-image-preview":"max-image-preview:large","max-video-preview":"max-video-preview:-1"},"canonical":"https:\/\/dovida.ch\/fr\/carriere\/accompagnant-e-24h-24\/","og_locale":"fr_FR","og_type":"article","og_title":"Int\u00e9grez notre \u00e9quipe d\u2019auxiliaires de vie r\u00e9sident\/e\/s pour personnes \u00e2g\u00e9es","og_description":"Trouvez une carri\u00e8re gratifiante en tant qu\u2019auxiliaire de vie r\u00e9sident\/e chez Dovida. Changez la vie d\u2019une personne et recevez un salaire comp\u00e9titif et un soutien complet.","og_url":"https:\/\/dovida.ch\/fr\/carriere\/accompagnant-e-24h-24\/","og_site_name":"Dovida CH","article_modified_time":"2025-04-15T12:26:07+00:00","og_image":[{"url":"https:\/\/dovida.ch\/wp-content\/uploads\/sites\/7\/2025\/02\/dovida-elderly-home-care-covering-with-blanket-scaled.jpg","type":"","width":"","height":""}],"twitter_card":"summary_large_image","twitter_misc":{"Dur\u00e9e de lecture estim\u00e9e":"2 minutes"},"schema":{"@context":"https:\/\/schema.org","@graph":[{"@type":"WebPage","@id":"https:\/\/dovida.ch\/fr\/carriere\/accompagnant-e-24h-24\/","url":"https:\/\/dovida.ch\/fr\/carriere\/accompagnant-e-24h-24\/","name":"Int\u00e9grez notre \u00e9quipe d\u2019auxiliaires de vie r\u00e9sident\/e\/s pour personnes \u00e2g\u00e9es","isPartOf":{"@id":"https:\/\/dovida.ch\/fr\/#website"},"primaryImageOfPage":{"@id":"https:\/\/dovida.ch\/fr\/carriere\/accompagnant-e-24h-24\/#primaryimage"},"image":{"@id":"https:\/\/dovida.ch\/fr\/carriere\/accompagnant-e-24h-24\/#primaryimage"},"thumbnailUrl":"https:\/\/dovida.ch\/wp-content\/uploads\/sites\/7\/2025\/02\/dovida-elderly-home-care-covering-with-blanket-scaled.jpg","datePublished":"2025-02-03T13:56:17+00:00","dateModified":"2025-04-15T12:26:07+00:00","description":"Trouvez une carri\u00e8re gratifiante en tant qu\u2019auxiliaire de vie r\u00e9sident\/e chez Dovida. Changez la vie d\u2019une personne et recevez un salaire comp\u00e9titif et un soutien complet.","breadcrumb":{"@id":"https:\/\/dovida.ch\/fr\/carriere\/accompagnant-e-24h-24\/#breadcrumb"},"inLanguage":"fr-FR","potentialAction":[{"@type":"ReadAction","target":["https:\/\/dovida.ch\/fr\/carriere\/accompagnant-e-24h-24\/"]}]},{"@type":"ImageObject","inLanguage":"fr-FR","@id":"https:\/\/dovida.ch\/fr\/carriere\/accompagnant-e-24h-24\/#primaryimage","url":"https:\/\/dovida.ch\/wp-content\/uploads\/sites\/7\/2025\/02\/dovida-elderly-home-care-covering-with-blanket-scaled.jpg","contentUrl":"https:\/\/dovida.ch\/wp-content\/uploads\/sites\/7\/2025\/02\/dovida-elderly-home-care-covering-with-blanket-scaled.jpg"},{"@type":"BreadcrumbList","@id":"https:\/\/dovida.ch\/fr\/carriere\/accompagnant-e-24h-24\/#breadcrumb","itemListElement":[{"@type":"ListItem","position":1,"name":"Home","item":"https:\/\/dovida.ch\/fr\/"},{"@type":"ListItem","position":2,"name":"Carriere","item":"https:\/\/dovida.ch\/fr\/carriere\/"},{"@type":"ListItem","position":3,"name":"Accompagnant-e-24h-24"}]},{"@type":"WebSite","@id":"https:\/\/dovida.ch\/fr\/#website","url":"https:\/\/dovida.ch\/fr\/","name":"Dovida","description":"","publisher":{"@id":"https:\/\/dovida.ch\/fr\/#organization"},"potentialAction":[{"@type":"SearchAction","target":{"@type":"EntryPoint","urlTemplate":"https:\/\/dovida.ch\/fr\/?s={search_term_string}"},"query-input":{"@type":"PropertyValueSpecification","valueRequired":true,"valueName":"search_term_string"}}],"inLanguage":"fr-FR"},{"@type":"Organization","@id":"https:\/\/dovida.ch\/fr\/#organization","name":"Dovida","url":"https:\/\/dovida.ch\/fr\/","logo":{"@type":"ImageObject","inLanguage":"fr-FR","@id":"https:\/\/dovida.ch\/fr\/#\/schema\/logo\/image\/","url":"https:\/\/dovida.ch\/wp-content\/uploads\/sites\/7\/2025\/03\/organization-logo.jpg","contentUrl":"https:\/\/dovida.ch\/wp-content\/uploads\/sites\/7\/2025\/03\/organization-logo.jpg","width":696,"height":696,"caption":"Dovida"},"image":{"@id":"https:\/\/dovida.ch\/fr\/#\/schema\/logo\/image\/"}}]}},"_links":{"self":[{"href":"https:\/\/dovida.ch\/fr\/wp-json\/wp\/v2\/pages\/98","targetHints":{"allow":["GET"]}}],"collection":[{"href":"https:\/\/dovida.ch\/fr\/wp-json\/wp\/v2\/pages"}],"about":[{"href":"https:\/\/dovida.ch\/fr\/wp-json\/wp\/v2\/types\/page"}],"author":[{"embeddable":true,"href":"https:\/\/dovida.ch\/fr\/wp-json\/wp\/v2\/users\/5"}],"replies":[{"embeddable":true,"href":"https:\/\/dovida.ch\/fr\/wp-json\/wp\/v2\/comments?post=98"}],"version-history":[{"count":10,"href":"https:\/\/dovida.ch\/fr\/wp-json\/wp\/v2\/pages\/98\/revisions"}],"predecessor-version":[{"id":2857,"href":"https:\/\/dovida.ch\/fr\/wp-json\/wp\/v2\/pages\/98\/revisions\/2857"}],"up":[{"embeddable":true,"href":"https:\/\/dovida.ch\/fr\/wp-json\/wp\/v2\/pages\/17"}],"wp:attachment":[{"href":"https:\/\/dovida.ch\/fr\/wp-json\/wp\/v2\/media?parent=98"}],"curies":[{"name":"wp","href":"https:\/\/api.w.org\/{rel}","templated":true}]}}