{"id":6986,"date":"2025-12-29T14:36:24","date_gmt":"2025-12-29T13:36:24","guid":{"rendered":"https:\/\/dovida.ch\/?page_id=6986"},"modified":"2026-03-17T16:19:47","modified_gmt":"2026-03-17T15:19:47","slug":"emplois-live-in","status":"publish","type":"page","link":"https:\/\/dovida.ch\/fr\/carriere\/emplois-live-in\/","title":{"rendered":"Accompagnante Live-in"},"content":{"rendered":"\n<section class=\"wp-block-morningmodules-text-media mt-text-media mt-text-media--align-media-left mt-text-media--align-media-mobile-bottom mt-text-media--contain-media\"><div class=\"mt-text-media__inner\"><div class=\"mt-text-media__media-container\"><img decoding=\"async\" class=\"\" src=\"https:\/\/dovida.ch\/wp-content\/uploads\/sites\/7\/2026\/03\/FR-Dovida-Weiterempfehlung-2-scaled.jpg\" alt=\"FR Dovida Weiterempfehlung (2)\" style=\"object-position:center\"\/><\/div><div class=\"mt-text-media__text-container\"><h2 class=\"mt-title mt-text-media__title mt-title\">Travailler comme accompagnant(e) 24h\/24<\/h2>\n<p>Vous souhaitez travailler comme accompagnante, accompagnant ou aide-soignant(e) dans le cadre de la prise en charge \u00abLive-in\u00bb en Suisse? Pour cela, vous vivez r\u00e9guli\u00e8rement au domicile de votre cliente ou client. Vos t\u00e2ches, horaires de travail et p\u00e9riodes de disponibilit\u00e9 sont clairement d\u00e9finis. Cette activit\u00e9 enrichissante, mais aussi exigeante, s\u2019accompagne de conditions attractives<\/p>\n\n\n\n<div class=\"wp-block-buttons is-layout-flex wp-block-buttons-is-layout-flex\">\n<div class=\"wp-block-button\"><a class=\"wp-block-button__link wp-element-button\" href=\"https:\/\/eu-1.fountain.com\/apply\/dovida-switzerland\/opening\/dovida-seniorendienste-schweiz-ag-accompagnant-e-pour-seniors-en-residence-assistance-24-heures-sur-24\" target=\"_blank\" rel=\"noreferrer noopener\">Postuler maintenant<\/a><\/div>\n<\/div>\n<\/div><\/div><\/section>\n\n\n<div data-react-component=\"JobPostings\" data-react-props=\"{&quot;lang&quot;:&quot;fr_FR&quot;,&quot;noResultsText&quot;:&quot;Aucun r\\u00e9sultat trouv\\u00e9&quot;,&quot;params&quot;:{&quot;location&quot;:null,&quot;position&quot;:null,&quot;pageNumber&quot;:null,&quot;no&quot;:false},&quot;title&quot;:&quot;Postes vacants Live-in&quot;,&quot;titleTag&quot;:&quot;h3&quot;,&quot;jobType&quot;:[&quot;LI&quot;],&quot;hideFilterBar&quot;:true,&quot;locationFieldType&quot;:&quot;search&quot;,&quot;locationFieldPlaceholder&quot;:&quot;Search&quot;,&quot;nationalOfficeMode&quot;:&quot;user-choice&quot;}\">\n    \n<\/div>\n\n\n\n\n<section class=\"mtSpacing-top-medium wp-block-morningmodules-image-link-boxes mt-image-link-boxes\" data-count=\"3\"><div class=\"mt-image-link-boxes__wrapper\"><div class=\"mt-image-link-boxes__inner\"><div class=\"mt-image-link-boxes__text-container\"><\/div><div class=\"mt-image-link-boxes__boxes-wrapper\"><div class=\"swiper\"><div class=\"swiper-wrapper\">\n<div class=\"wp-block-morningmodules-image-link-box mt-image-link-box swiper-slide\"><a href=\"https:\/\/dovida.ch\/unsere-dienstleistungen\/\" rel=\"noopener\" target=\"_self\" class=\"mt-image-link-box__link\"><\/a><h3 class=\"mt-image-link-box__title\">Vos t\u00e2ches<\/h3><p class=\"mt-image-link-box__text\">En tant qu\u2019accompagnante ou accompagnant chez Dovida, vous soutenez vos clientes et clients de mani\u00e8re individuelle et leur permettez ainsi de vivre dignement dans leur domicile familier. Vous \u00eates attribu\u00e9(e) de mani\u00e8re fixe \u00e0 vos clients et intervenez sans pression temporelle. <\/p><div class=\"mt-image-link-box__button-wrapper\"><div class=\"mt-image-link-box__button\">Nos services<\/div><\/div><\/div>\n\n\n\n<div class=\"wp-block-morningmodules-image-link-box mt-image-link-box swiper-slide\"><a href=\"https:\/\/www.swissstaffing.ch\/de\/Branche-Politik\/GAV-Personalverleih.php\" rel=\"noopener\" target=\"_self\" class=\"mt-image-link-box__link\"><\/a><h3 class=\"mt-image-link-box__title\">Votre r\u00e9mun\u00e9ration<\/h3><p class=\"mt-image-link-box__text\">Vous \u00eates employ\u00e9(e) et assur\u00e9(e) en Suisse sur la base de la Convention collective de travail (CCT) pour le placement de personnel. La CCT garantit \u00e0 plus de 400&rsquo;000 salari\u00e9(e)s en Suisse des salaires \u00e9quitables, de bonnes conditions de travail et des am\u00e9liorations r\u00e9guli\u00e8res.  <\/p><div class=\"mt-image-link-box__button-wrapper\"><div class=\"mt-image-link-box__button\">Vers le CCT<\/div><\/div><\/div>\n\n\n\n<div class=\"wp-block-morningmodules-image-link-box mt-image-link-box swiper-slide\"><a href=\"https:\/\/www.zhl-akademie.ch\/\" rel=\"noopener\" target=\"_self\" class=\"mt-image-link-box__link\"><\/a><h3 class=\"mt-image-link-box__title\">Soutien global<\/h3><p class=\"mt-image-link-box__text\">Dovida est votre partenaire fiable en toutes circonstances \u2013 avant, pendant et apr\u00e8s votre mission en Suisse. Nous vous soutenons dans toutes les d\u00e9marches administratives et nous vous proposons \u00e9galement des formations professionnelles. En cas de questions, nos sp\u00e9cialistes en soins sont toujours \u00e0 votre disposition. <\/p><div class=\"mt-image-link-box__button-wrapper\"><div class=\"mt-image-link-box__button\">Vers notre acad\u00e9mie de formation<\/div><\/div><\/div>\n<\/div><\/div><div class=\"mt-image-link-boxes__navigation swiper-bottom-container\"><div class=\"mt-image-link-boxes__swiper-progress swiper-progress\"><\/div><div class=\"mt-image-link-boxes__swiper-buttons swiper-buttons\"><div class=\"mt-image-link-boxes__swiper-button mt-image-link-boxes__swiper-button--prev swiper-button-prev\"><\/div><div class=\"mt-image-link-boxes__swiper-button mt-image-link-boxes__swiper-button--next swiper-button-next\"><\/div><\/div><\/div><\/div><\/div><\/div><\/section>\n\n\n\n<section class=\"mtSpacing-bottom-small wp-block-morningmodules-text-link-boxes mt-text-link-boxes mt-text-link-boxes--mobile-slider mtSpacing-top-large\" data-count=\"3\"><div class=\"mt-text-link-boxes__wrapper\"><div class=\"mt-text-link-boxes__inner\"><div class=\"mt-text-link-boxes__text-container\"><h2 class=\"mt-title mt-text-link-boxes__title mt-title\">Vos avantages chez Dovida<\/h2><p class=\"mt-text-link-boxes__text\">La population vieillissante requiert de plus en plus de soins et d&rsquo;accompagnement. Dovida s&rsquo;engage en faveur de bonnes conditions de travail, de normes de formation claires et de la reconnaissance sociale du m\u00e9tier d&rsquo;accompagnant\/e.  <\/p><\/div><div class=\"mt-text-link-boxes__boxes-wrapper\"><div class=\"swiper\"><div class=\"swiper-wrapper\">\n\n<div class=\"wp-block-morningmodules-text-link-box mt-text-link-box swiper-slide\"><div class=\"mt-text-link-box__title-container\"><div class=\"mt-text-link-box__icon-container\"><img decoding=\"async\" class=\"\" src=\"https:\/\/dovida.ch\/wp-content\/uploads\/sites\/7\/2025\/10\/Dovida_Icon-Growth-Red_RGB.png\" alt=\"\" style=\"object-position:center\"\/><\/div><h3 class=\"mt-title mt-text-link-box__title mt-title\">Salaire suisse et s\u00e9curit\u00e9 sociale<\/h3><\/div><p class=\"mt-text-link-box__text\">Vous b\u00e9n\u00e9ficiez de conditions de travail attractives et clairement d\u00e9finies: vous percevez un salaire suisse r\u00e9gulier et \u00eates assur\u00e9(e) en Suisse. Cela signifie que vous \u00eates affili\u00e9(e) au syst\u00e8me suisse de pr\u00e9voyance vieillesse et que vous disposez d\u2019une assurance maladie en Suisse.  <\/p><\/div>\n\n\n<div class=\"wp-block-morningmodules-text-link-box mt-text-link-box swiper-slide\"><div class=\"mt-text-link-box__title-container\"><div class=\"mt-text-link-box__icon-container\"><img decoding=\"async\" class=\"\" src=\"https:\/\/dovida.ch\/wp-content\/uploads\/sites\/7\/2025\/10\/Dovida_Icon-24HourCare-Red_RGB.png\" alt=\"\" style=\"object-position:center\"\/><\/div><h3 class=\"mt-title mt-text-link-box__title mt-title\">Horaires de travail clairement d\u00e9finis<\/h3><\/div><p class=\"mt-text-link-box__text\">Vos horaires de travail, de permanence et de pause sont clairement d\u00e9finis. La base de ces dispositions est la Convention collective de travail (CCT) pour le placement de personnel, \u00e0 laquelle Dovida est soumise en Suisse. La CCT vous garantit l\u2019\u00e9quit\u00e9, la pr\u00e9visibilit\u00e9 et une s\u00e9paration claire entre travail et temps libre.<\/p><\/div>\n\n\n<div class=\"wp-block-morningmodules-text-link-box mt-text-link-box swiper-slide\"><div class=\"mt-text-link-box__title-container\"><h3 class=\"mt-title mt-text-link-box__title mt-title\"><img decoding=\"async\" class=\"\" src=\"https:\/\/dovida.ch\/wp-content\/uploads\/sites\/7\/2025\/02\/Person_heart.svg\" alt=\"\"\/><br\/><br\/>Des clients qui vous correspondent<\/h3><\/div><p class=\"mt-text-link-box__text\">La qualit\u00e9 de vie na\u00eet de la confiance et d\u2019une bonne relation entre la personne accompagn\u00e9e et la personne accompagnante. C\u2019est pourquoi Dovida accorde une grande importance \u00e0 ce que les deux correspondent. Si toutefois vous ne vous sentez pas \u00e0 l\u2019aise, nous nous occupons imm\u00e9diatement de trouver un remplacement.  <\/p><\/div>\n\n\n<div class=\"wp-block-morningmodules-text-link-box mt-text-link-box swiper-slide\"><div class=\"mt-text-link-box__title-container\"><div class=\"mt-text-link-box__icon-container\"><img decoding=\"async\" class=\"\" src=\"https:\/\/dovida.ch\/wp-content\/uploads\/sites\/7\/2025\/02\/Checkmark_icon.svg\" alt=\"\" style=\"object-position:center\"\/><\/div><h3 class=\"mt-title mt-text-link-box__title mt-title\">Administration et organisation des d\u00e9placements<\/h3><\/div><p class=\"mt-text-link-box__text\">Prescriptions, formalit\u00e9s ou demandes: nous vous informons de mani\u00e8re compl\u00e8te sur les r\u00e8gles importantes en Suisse et nous vous conseillons et assistons dans toutes les d\u00e9marches administratives. Nous organisons \u00e9galement volontiers votre arriv\u00e9e et votre d\u00e9part pour chaque mission. <\/p><\/div>\n\n\n<div class=\"wp-block-morningmodules-text-link-box mt-text-link-box swiper-slide\"><div class=\"mt-text-link-box__title-container\"><div class=\"mt-text-link-box__icon-container\"><img decoding=\"async\" class=\"\" src=\"https:\/\/dovida.ch\/wp-content\/uploads\/sites\/7\/2025\/03\/site-icon.png\" alt=\"\" style=\"object-position:center\"\/><\/div><h3 class=\"mt-title mt-text-link-box__title mt-title\">Un cercle d\u2019accompagnement pour vous soutenir<\/h3><\/div><p class=\"mt-text-link-box__text\">Nous sommes toujours \u00e0 vos c\u00f4t\u00e9 Vous \u00eates \u00e9troitement accompagn\u00e9(e) pour toutes vos d\u00e9marches et vous disposez de personnes de contact fixes chez Dovida en Suisse. En cas de besoin, une personne dipl\u00f4m\u00e9e en soins infirmiers est \u00e0 vos c\u00f4t\u00e9s et, en cas d\u2019urgence, vous pouvez joindre un interlocuteur 24 heures sur 24.<\/p><\/div>\n\n\n<div class=\"wp-block-morningmodules-text-link-box mt-text-link-box swiper-slide\"><div class=\"mt-text-link-box__title-container\"><div class=\"mt-text-link-box__icon-container\"><img decoding=\"async\" class=\"\" src=\"https:\/\/dovida.ch\/wp-content\/uploads\/sites\/7\/2025\/10\/Dovida_Icon-People-Red_RGB.png\" alt=\"\" style=\"object-position:center\"\/><\/div><h3 class=\"mt-title mt-text-link-box__title mt-title\">Premier employeur pour les plus de 55 ans<\/h3><\/div><p class=\"mt-text-link-box__text\">Dovida accorde la m\u00eame estime \u00e0 tous ses collaborateurs et collaboratrices. Nous sommes fiers de compter parmi nous des accompagnant\/e\/s b\u00e9n\u00e9ficiant d&rsquo;une grande exp\u00e9rience de vie, sur qui nous pouvons compter m\u00eame apr\u00e8s l&rsquo;\u00e2ge de la retraite. <\/p><\/div>\n\n<\/div><\/div><div class=\"mt-text-link-boxes__navigation swiper-bottom-container\"><div class=\"mt-text-link-boxes__swiper-progress swiper-progress\"><\/div><div class=\"mt-text-link-boxes__swiper-buttons swiper-buttons\"><div class=\"mt-text-link-boxes__swiper-button mt-text-link-boxes__swiper-button--prev swiper-button-prev\"><\/div><div class=\"mt-text-link-boxes__swiper-button mt-text-link-boxes__swiper-button--next swiper-button-next\"><\/div><\/div><\/div><\/div><\/div><\/div><\/section>\n","protected":false},"excerpt":{"rendered":"","protected":false},"author":14,"featured_media":0,"parent":17,"menu_order":0,"comment_status":"closed","ping_status":"closed","template":"","meta":{"_acf_changed":false,"inline_featured_image":false,"footnotes":""},"class_list":["post-6986","page","type-page","status-publish","hentry"],"acf":[],"yoast_head":"<!-- This site is optimized with the Yoast SEO plugin v26.9 - https:\/\/yoast.com\/product\/yoast-seo-wordpress\/ -->\n<title>Travailler en Suisse comme accompagnant(e) 24h\/24<\/title>\n<meta name=\"description\" content=\"Vous souhaitez travailler comme accompagnante, accompagnant ou aide-soignant(e) dans le cadre de la prise en charge \u00abLive-in\u00bb en Suisse? Pour cela, vous vivez r\u00e9guli\u00e8rement au domicile de votre cliente ou client. Vos t\u00e2ches, horaires de travail et p\u00e9riodes de disponibilit\u00e9 sont clairement d\u00e9finis. Cette activit\u00e9 enrichissante, mais aussi exigeante, s\u2019accompagne de conditions attractives.\" \/>\n<meta name=\"robots\" content=\"index, follow, max-snippet:-1, max-image-preview:large, max-video-preview:-1\" \/>\n<link rel=\"canonical\" href=\"https:\/\/dovida.ch\/fr\/carriere\/emplois-live-in\/\" \/>\n<meta property=\"og:locale\" content=\"fr_FR\" \/>\n<meta property=\"og:type\" content=\"article\" \/>\n<meta property=\"og:title\" content=\"Travailler en Suisse comme accompagnant(e) 24h\/24\" \/>\n<meta property=\"og:description\" content=\"Vous souhaitez travailler comme accompagnante, accompagnant ou aide-soignant(e) dans le cadre de la prise en charge \u00abLive-in\u00bb en Suisse? Pour cela, vous vivez r\u00e9guli\u00e8rement au domicile de votre cliente ou client. Vos t\u00e2ches, horaires de travail et p\u00e9riodes de disponibilit\u00e9 sont clairement d\u00e9finis. Cette activit\u00e9 enrichissante, mais aussi exigeante, s\u2019accompagne de conditions attractives.\" \/>\n<meta property=\"og:url\" content=\"https:\/\/dovida.ch\/fr\/carriere\/emplois-live-in\/\" \/>\n<meta property=\"og:site_name\" content=\"Dovida CH\" \/>\n<meta property=\"article:modified_time\" content=\"2026-03-17T15:19:47+00:00\" \/>\n<meta property=\"og:image\" content=\"https:\/\/dovida.ch\/wp-content\/uploads\/sites\/7\/2026\/03\/FR-Dovida-Weiterempfehlung-2-scaled.jpg\" \/>\n<meta name=\"twitter:card\" content=\"summary_large_image\" \/>\n<meta name=\"twitter:label1\" content=\"Dur\u00e9e de lecture estim\u00e9e\" \/>\n\t<meta name=\"twitter:data1\" content=\"5 minutes\" \/>\n<script type=\"application\/ld+json\" class=\"yoast-schema-graph\">{\"@context\":\"https:\/\/schema.org\",\"@graph\":[{\"@type\":\"WebPage\",\"@id\":\"https:\/\/dovida.ch\/fr\/carriere\/emplois-live-in\/\",\"url\":\"https:\/\/dovida.ch\/fr\/carriere\/emplois-live-in\/\",\"name\":\"Travailler en Suisse comme accompagnant(e) 24h\/24\",\"isPartOf\":{\"@id\":\"https:\/\/dovida.ch\/fr\/#website\"},\"primaryImageOfPage\":{\"@id\":\"https:\/\/dovida.ch\/fr\/carriere\/emplois-live-in\/#primaryimage\"},\"image\":{\"@id\":\"https:\/\/dovida.ch\/fr\/carriere\/emplois-live-in\/#primaryimage\"},\"thumbnailUrl\":\"https:\/\/dovida.ch\/wp-content\/uploads\/sites\/7\/2026\/03\/FR-Dovida-Weiterempfehlung-2-scaled.jpg\",\"datePublished\":\"2025-12-29T13:36:24+00:00\",\"dateModified\":\"2026-03-17T15:19:47+00:00\",\"description\":\"Vous souhaitez travailler comme accompagnante, accompagnant ou aide-soignant(e) dans le cadre de la prise en charge \u00abLive-in\u00bb en Suisse? Pour cela, vous vivez r\u00e9guli\u00e8rement au domicile de votre cliente ou client. Vos t\u00e2ches, horaires de travail et p\u00e9riodes de disponibilit\u00e9 sont clairement d\u00e9finis. Cette activit\u00e9 enrichissante, mais aussi exigeante, s\u2019accompagne de conditions attractives.\",\"breadcrumb\":{\"@id\":\"https:\/\/dovida.ch\/fr\/carriere\/emplois-live-in\/#breadcrumb\"},\"inLanguage\":\"fr-FR\",\"potentialAction\":[{\"@type\":\"ReadAction\",\"target\":[\"https:\/\/dovida.ch\/fr\/carriere\/emplois-live-in\/\"]}]},{\"@type\":\"ImageObject\",\"inLanguage\":\"fr-FR\",\"@id\":\"https:\/\/dovida.ch\/fr\/carriere\/emplois-live-in\/#primaryimage\",\"url\":\"https:\/\/dovida.ch\/wp-content\/uploads\/sites\/7\/2026\/03\/FR-Dovida-Weiterempfehlung-2-scaled.jpg\",\"contentUrl\":\"https:\/\/dovida.ch\/wp-content\/uploads\/sites\/7\/2026\/03\/FR-Dovida-Weiterempfehlung-2-scaled.jpg\"},{\"@type\":\"BreadcrumbList\",\"@id\":\"https:\/\/dovida.ch\/fr\/carriere\/emplois-live-in\/#breadcrumb\",\"itemListElement\":[{\"@type\":\"ListItem\",\"position\":1,\"name\":\"Home\",\"item\":\"https:\/\/dovida.ch\/fr\/\"},{\"@type\":\"ListItem\",\"position\":2,\"name\":\"Carriere\",\"item\":\"https:\/\/dovida.ch\/fr\/carriere\/\"},{\"@type\":\"ListItem\",\"position\":3,\"name\":\"Accompagnante Live-in\"}]},{\"@type\":\"WebSite\",\"@id\":\"https:\/\/dovida.ch\/fr\/#website\",\"url\":\"https:\/\/dovida.ch\/fr\/\",\"name\":\"Dovida\",\"description\":\"\",\"publisher\":{\"@id\":\"https:\/\/dovida.ch\/fr\/#organization\"},\"potentialAction\":[{\"@type\":\"SearchAction\",\"target\":{\"@type\":\"EntryPoint\",\"urlTemplate\":\"https:\/\/dovida.ch\/fr\/?s={search_term_string}\"},\"query-input\":{\"@type\":\"PropertyValueSpecification\",\"valueRequired\":true,\"valueName\":\"search_term_string\"}}],\"inLanguage\":\"fr-FR\"},{\"@type\":\"Organization\",\"@id\":\"https:\/\/dovida.ch\/fr\/#organization\",\"name\":\"Dovida\",\"url\":\"https:\/\/dovida.ch\/fr\/\",\"logo\":{\"@type\":\"ImageObject\",\"inLanguage\":\"fr-FR\",\"@id\":\"https:\/\/dovida.ch\/fr\/#\/schema\/logo\/image\/\",\"url\":\"https:\/\/dovida.ch\/wp-content\/uploads\/sites\/7\/2025\/03\/organization-logo.jpg\",\"contentUrl\":\"https:\/\/dovida.ch\/wp-content\/uploads\/sites\/7\/2025\/03\/organization-logo.jpg\",\"width\":696,\"height\":696,\"caption\":\"Dovida\"},\"image\":{\"@id\":\"https:\/\/dovida.ch\/fr\/#\/schema\/logo\/image\/\"}}]}<\/script>\n<!-- \/ Yoast SEO plugin. -->","yoast_head_json":{"title":"Travailler en Suisse comme accompagnant(e) 24h\/24","description":"Vous souhaitez travailler comme accompagnante, accompagnant ou aide-soignant(e) dans le cadre de la prise en charge \u00abLive-in\u00bb en Suisse? Pour cela, vous vivez r\u00e9guli\u00e8rement au domicile de votre cliente ou client. Vos t\u00e2ches, horaires de travail et p\u00e9riodes de disponibilit\u00e9 sont clairement d\u00e9finis. Cette activit\u00e9 enrichissante, mais aussi exigeante, s\u2019accompagne de conditions attractives.","robots":{"index":"index","follow":"follow","max-snippet":"max-snippet:-1","max-image-preview":"max-image-preview:large","max-video-preview":"max-video-preview:-1"},"canonical":"https:\/\/dovida.ch\/fr\/carriere\/emplois-live-in\/","og_locale":"fr_FR","og_type":"article","og_title":"Travailler en Suisse comme accompagnant(e) 24h\/24","og_description":"Vous souhaitez travailler comme accompagnante, accompagnant ou aide-soignant(e) dans le cadre de la prise en charge \u00abLive-in\u00bb en Suisse? Pour cela, vous vivez r\u00e9guli\u00e8rement au domicile de votre cliente ou client. Vos t\u00e2ches, horaires de travail et p\u00e9riodes de disponibilit\u00e9 sont clairement d\u00e9finis. Cette activit\u00e9 enrichissante, mais aussi exigeante, s\u2019accompagne de conditions attractives.","og_url":"https:\/\/dovida.ch\/fr\/carriere\/emplois-live-in\/","og_site_name":"Dovida CH","article_modified_time":"2026-03-17T15:19:47+00:00","og_image":[{"url":"https:\/\/dovida.ch\/wp-content\/uploads\/sites\/7\/2026\/03\/FR-Dovida-Weiterempfehlung-2-scaled.jpg","type":"","width":"","height":""}],"twitter_card":"summary_large_image","twitter_misc":{"Dur\u00e9e de lecture estim\u00e9e":"5 minutes"},"schema":{"@context":"https:\/\/schema.org","@graph":[{"@type":"WebPage","@id":"https:\/\/dovida.ch\/fr\/carriere\/emplois-live-in\/","url":"https:\/\/dovida.ch\/fr\/carriere\/emplois-live-in\/","name":"Travailler en Suisse comme accompagnant(e) 24h\/24","isPartOf":{"@id":"https:\/\/dovida.ch\/fr\/#website"},"primaryImageOfPage":{"@id":"https:\/\/dovida.ch\/fr\/carriere\/emplois-live-in\/#primaryimage"},"image":{"@id":"https:\/\/dovida.ch\/fr\/carriere\/emplois-live-in\/#primaryimage"},"thumbnailUrl":"https:\/\/dovida.ch\/wp-content\/uploads\/sites\/7\/2026\/03\/FR-Dovida-Weiterempfehlung-2-scaled.jpg","datePublished":"2025-12-29T13:36:24+00:00","dateModified":"2026-03-17T15:19:47+00:00","description":"Vous souhaitez travailler comme accompagnante, accompagnant ou aide-soignant(e) dans le cadre de la prise en charge \u00abLive-in\u00bb en Suisse? Pour cela, vous vivez r\u00e9guli\u00e8rement au domicile de votre cliente ou client. Vos t\u00e2ches, horaires de travail et p\u00e9riodes de disponibilit\u00e9 sont clairement d\u00e9finis. Cette activit\u00e9 enrichissante, mais aussi exigeante, s\u2019accompagne de conditions attractives.","breadcrumb":{"@id":"https:\/\/dovida.ch\/fr\/carriere\/emplois-live-in\/#breadcrumb"},"inLanguage":"fr-FR","potentialAction":[{"@type":"ReadAction","target":["https:\/\/dovida.ch\/fr\/carriere\/emplois-live-in\/"]}]},{"@type":"ImageObject","inLanguage":"fr-FR","@id":"https:\/\/dovida.ch\/fr\/carriere\/emplois-live-in\/#primaryimage","url":"https:\/\/dovida.ch\/wp-content\/uploads\/sites\/7\/2026\/03\/FR-Dovida-Weiterempfehlung-2-scaled.jpg","contentUrl":"https:\/\/dovida.ch\/wp-content\/uploads\/sites\/7\/2026\/03\/FR-Dovida-Weiterempfehlung-2-scaled.jpg"},{"@type":"BreadcrumbList","@id":"https:\/\/dovida.ch\/fr\/carriere\/emplois-live-in\/#breadcrumb","itemListElement":[{"@type":"ListItem","position":1,"name":"Home","item":"https:\/\/dovida.ch\/fr\/"},{"@type":"ListItem","position":2,"name":"Carriere","item":"https:\/\/dovida.ch\/fr\/carriere\/"},{"@type":"ListItem","position":3,"name":"Accompagnante Live-in"}]},{"@type":"WebSite","@id":"https:\/\/dovida.ch\/fr\/#website","url":"https:\/\/dovida.ch\/fr\/","name":"Dovida","description":"","publisher":{"@id":"https:\/\/dovida.ch\/fr\/#organization"},"potentialAction":[{"@type":"SearchAction","target":{"@type":"EntryPoint","urlTemplate":"https:\/\/dovida.ch\/fr\/?s={search_term_string}"},"query-input":{"@type":"PropertyValueSpecification","valueRequired":true,"valueName":"search_term_string"}}],"inLanguage":"fr-FR"},{"@type":"Organization","@id":"https:\/\/dovida.ch\/fr\/#organization","name":"Dovida","url":"https:\/\/dovida.ch\/fr\/","logo":{"@type":"ImageObject","inLanguage":"fr-FR","@id":"https:\/\/dovida.ch\/fr\/#\/schema\/logo\/image\/","url":"https:\/\/dovida.ch\/wp-content\/uploads\/sites\/7\/2025\/03\/organization-logo.jpg","contentUrl":"https:\/\/dovida.ch\/wp-content\/uploads\/sites\/7\/2025\/03\/organization-logo.jpg","width":696,"height":696,"caption":"Dovida"},"image":{"@id":"https:\/\/dovida.ch\/fr\/#\/schema\/logo\/image\/"}}]}},"_links":{"self":[{"href":"https:\/\/dovida.ch\/fr\/wp-json\/wp\/v2\/pages\/6986","targetHints":{"allow":["GET"]}}],"collection":[{"href":"https:\/\/dovida.ch\/fr\/wp-json\/wp\/v2\/pages"}],"about":[{"href":"https:\/\/dovida.ch\/fr\/wp-json\/wp\/v2\/types\/page"}],"author":[{"embeddable":true,"href":"https:\/\/dovida.ch\/fr\/wp-json\/wp\/v2\/users\/14"}],"replies":[{"embeddable":true,"href":"https:\/\/dovida.ch\/fr\/wp-json\/wp\/v2\/comments?post=6986"}],"version-history":[{"count":11,"href":"https:\/\/dovida.ch\/fr\/wp-json\/wp\/v2\/pages\/6986\/revisions"}],"predecessor-version":[{"id":8627,"href":"https:\/\/dovida.ch\/fr\/wp-json\/wp\/v2\/pages\/6986\/revisions\/8627"}],"up":[{"embeddable":true,"href":"https:\/\/dovida.ch\/fr\/wp-json\/wp\/v2\/pages\/17"}],"wp:attachment":[{"href":"https:\/\/dovida.ch\/fr\/wp-json\/wp\/v2\/media?parent=6986"}],"curies":[{"name":"wp","href":"https:\/\/api.w.org\/{rel}","templated":true}]}}