{"id":66,"date":"2025-02-03T13:09:54","date_gmt":"2025-02-03T13:09:54","guid":{"rendered":"https:\/\/dovida.ch\/?page_id=66"},"modified":"2026-02-05T07:34:35","modified_gmt":"2026-02-05T07:34:35","slug":"emplois-de-bureau","status":"publish","type":"page","link":"https:\/\/dovida.ch\/fr\/carriere\/emplois-de-bureau\/","title":{"rendered":"Emplois de bureau"},"content":{"rendered":"\n<section class=\"wp-block-dovida-split-screen-cover mt-split-screen-cover mt-split-screen-cover--align-media-left\"><div class=\"mt-split-screen-cover__inner page-container\"><div class=\"mt-split-screen-cover__image-container object-fit\"><img decoding=\"async\" class=\"mt-split-screen-cover__image-container object-fit\" src=\"https:\/\/dovida.ch\/wp-content\/uploads\/sites\/7\/2025\/02\/dovida-caregiver-portrait-home-help-scaled.jpg\" alt=\"Une femme confiante portant une chemise rouge Dovida sourit dans son bureau des services d\u2019aide \u00e0 domicile priv\u00e9, rayonnant de professionnalisme.\" style=\"object-position:center\"\/><\/div><div class=\"mt-split-screen-cover__text-container\"><h1 class=\"mt-title mt-split-screen-cover__title mt-title\">Emplois de bureau avec perspectives<\/h1>\n<p>Faites partie d\u2019une \u00e9quipe o\u00f9 l\u2019appr\u00e9ciation et les perspectives de d\u00e9veloppement tiennent une place centrale. Nous proposons des postes sur une douzaine de sites dans toute la Suisse.\u00a0<\/p>\n<\/div><\/div><\/section>\n\n\n<div data-react-component=\"JobPostings\" data-react-props=\"{&quot;lang&quot;:&quot;fr_FR&quot;,&quot;noResultsText&quot;:&quot;Aucun r\\u00e9sultat trouv\\u00e9&quot;,&quot;params&quot;:{&quot;location&quot;:null,&quot;position&quot;:null,&quot;pageNumber&quot;:null,&quot;no&quot;:false},&quot;title&quot;:&quot;Postes de bureau ouverts chez Dovida en Suisse romande &quot;,&quot;titleTag&quot;:&quot;h3&quot;,&quot;jobType&quot;:&quot;O&quot;,&quot;hideFilterBar&quot;:true,&quot;locationFieldType&quot;:&quot;search&quot;,&quot;locationFieldPlaceholder&quot;:&quot;Search&quot;,&quot;nationalOfficeMode&quot;:&quot;user-choice&quot;}\">\n    \n<\/div>\n\n","protected":false},"excerpt":{"rendered":"","protected":false},"author":5,"featured_media":0,"parent":17,"menu_order":0,"comment_status":"closed","ping_status":"closed","template":"","meta":{"_acf_changed":false,"inline_featured_image":false,"footnotes":""},"class_list":["post-66","page","type-page","status-publish","hentry"],"acf":[],"yoast_head":"<!-- This site is optimized with the Yoast SEO plugin v26.9 - https:\/\/yoast.com\/product\/yoast-seo-wordpress\/ -->\n<title>Emplois de bureau dans l\u2019aide \u00e0 domicile chez Dovida<\/title>\n<meta name=\"description\" content=\"D\u00e9couvrez les postes \u00e0 pourvoir au si\u00e8ge de Dovida et trouvez une carri\u00e8re gratifiante dans nos services d\u2019aide \u00e0 domicile, de la finance au support informatique.\" \/>\n<meta name=\"robots\" content=\"index, follow, max-snippet:-1, max-image-preview:large, max-video-preview:-1\" \/>\n<link rel=\"canonical\" href=\"https:\/\/dovida.ch\/fr\/carriere\/emplois-de-bureau\/\" \/>\n<meta property=\"og:locale\" content=\"fr_FR\" \/>\n<meta property=\"og:type\" content=\"article\" \/>\n<meta property=\"og:title\" content=\"Emplois de bureau dans l\u2019aide \u00e0 domicile chez Dovida\" \/>\n<meta property=\"og:description\" content=\"D\u00e9couvrez les postes \u00e0 pourvoir au si\u00e8ge de Dovida et trouvez une carri\u00e8re gratifiante dans nos services d\u2019aide \u00e0 domicile, de la finance au support informatique.\" \/>\n<meta property=\"og:url\" content=\"https:\/\/dovida.ch\/fr\/carriere\/emplois-de-bureau\/\" \/>\n<meta property=\"og:site_name\" content=\"Dovida CH\" \/>\n<meta property=\"article:modified_time\" content=\"2026-02-05T07:34:35+00:00\" \/>\n<meta property=\"og:image\" content=\"https:\/\/dovida.ch\/wp-content\/uploads\/sites\/7\/2025\/02\/dovida-caregiver-portrait-home-help-scaled.jpg\" \/>\n<meta name=\"twitter:card\" content=\"summary_large_image\" \/>\n<meta name=\"twitter:label1\" content=\"Dur\u00e9e de lecture estim\u00e9e\" \/>\n\t<meta name=\"twitter:data1\" content=\"1 minute\" \/>\n<script type=\"application\/ld+json\" class=\"yoast-schema-graph\">{\"@context\":\"https:\/\/schema.org\",\"@graph\":[{\"@type\":\"WebPage\",\"@id\":\"https:\/\/dovida.ch\/fr\/carriere\/emplois-de-bureau\/\",\"url\":\"https:\/\/dovida.ch\/fr\/carriere\/emplois-de-bureau\/\",\"name\":\"Emplois de bureau dans l\u2019aide \u00e0 domicile chez Dovida\",\"isPartOf\":{\"@id\":\"https:\/\/dovida.ch\/fr\/#website\"},\"primaryImageOfPage\":{\"@id\":\"https:\/\/dovida.ch\/fr\/carriere\/emplois-de-bureau\/#primaryimage\"},\"image\":{\"@id\":\"https:\/\/dovida.ch\/fr\/carriere\/emplois-de-bureau\/#primaryimage\"},\"thumbnailUrl\":\"https:\/\/dovida.ch\/wp-content\/uploads\/sites\/7\/2025\/02\/dovida-caregiver-portrait-home-help-scaled.jpg\",\"datePublished\":\"2025-02-03T13:09:54+00:00\",\"dateModified\":\"2026-02-05T07:34:35+00:00\",\"description\":\"D\u00e9couvrez les postes \u00e0 pourvoir au si\u00e8ge de Dovida et trouvez une carri\u00e8re gratifiante dans nos services d\u2019aide \u00e0 domicile, de la finance au support informatique.\",\"breadcrumb\":{\"@id\":\"https:\/\/dovida.ch\/fr\/carriere\/emplois-de-bureau\/#breadcrumb\"},\"inLanguage\":\"fr-FR\",\"potentialAction\":[{\"@type\":\"ReadAction\",\"target\":[\"https:\/\/dovida.ch\/fr\/carriere\/emplois-de-bureau\/\"]}]},{\"@type\":\"ImageObject\",\"inLanguage\":\"fr-FR\",\"@id\":\"https:\/\/dovida.ch\/fr\/carriere\/emplois-de-bureau\/#primaryimage\",\"url\":\"https:\/\/dovida.ch\/wp-content\/uploads\/sites\/7\/2025\/02\/dovida-caregiver-portrait-home-help-scaled.jpg\",\"contentUrl\":\"https:\/\/dovida.ch\/wp-content\/uploads\/sites\/7\/2025\/02\/dovida-caregiver-portrait-home-help-scaled.jpg\"},{\"@type\":\"BreadcrumbList\",\"@id\":\"https:\/\/dovida.ch\/fr\/carriere\/emplois-de-bureau\/#breadcrumb\",\"itemListElement\":[{\"@type\":\"ListItem\",\"position\":1,\"name\":\"Home\",\"item\":\"https:\/\/dovida.ch\/fr\/\"},{\"@type\":\"ListItem\",\"position\":2,\"name\":\"Carriere\",\"item\":\"https:\/\/dovida.ch\/fr\/carriere\/\"},{\"@type\":\"ListItem\",\"position\":3,\"name\":\"Emplois de bureau\"}]},{\"@type\":\"WebSite\",\"@id\":\"https:\/\/dovida.ch\/fr\/#website\",\"url\":\"https:\/\/dovida.ch\/fr\/\",\"name\":\"Dovida\",\"description\":\"\",\"publisher\":{\"@id\":\"https:\/\/dovida.ch\/fr\/#organization\"},\"potentialAction\":[{\"@type\":\"SearchAction\",\"target\":{\"@type\":\"EntryPoint\",\"urlTemplate\":\"https:\/\/dovida.ch\/fr\/?s={search_term_string}\"},\"query-input\":{\"@type\":\"PropertyValueSpecification\",\"valueRequired\":true,\"valueName\":\"search_term_string\"}}],\"inLanguage\":\"fr-FR\"},{\"@type\":\"Organization\",\"@id\":\"https:\/\/dovida.ch\/fr\/#organization\",\"name\":\"Dovida\",\"url\":\"https:\/\/dovida.ch\/fr\/\",\"logo\":{\"@type\":\"ImageObject\",\"inLanguage\":\"fr-FR\",\"@id\":\"https:\/\/dovida.ch\/fr\/#\/schema\/logo\/image\/\",\"url\":\"https:\/\/dovida.ch\/wp-content\/uploads\/sites\/7\/2025\/03\/organization-logo.jpg\",\"contentUrl\":\"https:\/\/dovida.ch\/wp-content\/uploads\/sites\/7\/2025\/03\/organization-logo.jpg\",\"width\":696,\"height\":696,\"caption\":\"Dovida\"},\"image\":{\"@id\":\"https:\/\/dovida.ch\/fr\/#\/schema\/logo\/image\/\"}}]}<\/script>\n<!-- \/ Yoast SEO plugin. -->","yoast_head_json":{"title":"Emplois de bureau dans l\u2019aide \u00e0 domicile chez Dovida","description":"D\u00e9couvrez les postes \u00e0 pourvoir au si\u00e8ge de Dovida et trouvez une carri\u00e8re gratifiante dans nos services d\u2019aide \u00e0 domicile, de la finance au support informatique.","robots":{"index":"index","follow":"follow","max-snippet":"max-snippet:-1","max-image-preview":"max-image-preview:large","max-video-preview":"max-video-preview:-1"},"canonical":"https:\/\/dovida.ch\/fr\/carriere\/emplois-de-bureau\/","og_locale":"fr_FR","og_type":"article","og_title":"Emplois de bureau dans l\u2019aide \u00e0 domicile chez Dovida","og_description":"D\u00e9couvrez les postes \u00e0 pourvoir au si\u00e8ge de Dovida et trouvez une carri\u00e8re gratifiante dans nos services d\u2019aide \u00e0 domicile, de la finance au support informatique.","og_url":"https:\/\/dovida.ch\/fr\/carriere\/emplois-de-bureau\/","og_site_name":"Dovida CH","article_modified_time":"2026-02-05T07:34:35+00:00","og_image":[{"url":"https:\/\/dovida.ch\/wp-content\/uploads\/sites\/7\/2025\/02\/dovida-caregiver-portrait-home-help-scaled.jpg","type":"","width":"","height":""}],"twitter_card":"summary_large_image","twitter_misc":{"Dur\u00e9e de lecture estim\u00e9e":"1 minute"},"schema":{"@context":"https:\/\/schema.org","@graph":[{"@type":"WebPage","@id":"https:\/\/dovida.ch\/fr\/carriere\/emplois-de-bureau\/","url":"https:\/\/dovida.ch\/fr\/carriere\/emplois-de-bureau\/","name":"Emplois de bureau dans l\u2019aide \u00e0 domicile chez Dovida","isPartOf":{"@id":"https:\/\/dovida.ch\/fr\/#website"},"primaryImageOfPage":{"@id":"https:\/\/dovida.ch\/fr\/carriere\/emplois-de-bureau\/#primaryimage"},"image":{"@id":"https:\/\/dovida.ch\/fr\/carriere\/emplois-de-bureau\/#primaryimage"},"thumbnailUrl":"https:\/\/dovida.ch\/wp-content\/uploads\/sites\/7\/2025\/02\/dovida-caregiver-portrait-home-help-scaled.jpg","datePublished":"2025-02-03T13:09:54+00:00","dateModified":"2026-02-05T07:34:35+00:00","description":"D\u00e9couvrez les postes \u00e0 pourvoir au si\u00e8ge de Dovida et trouvez une carri\u00e8re gratifiante dans nos services d\u2019aide \u00e0 domicile, de la finance au support informatique.","breadcrumb":{"@id":"https:\/\/dovida.ch\/fr\/carriere\/emplois-de-bureau\/#breadcrumb"},"inLanguage":"fr-FR","potentialAction":[{"@type":"ReadAction","target":["https:\/\/dovida.ch\/fr\/carriere\/emplois-de-bureau\/"]}]},{"@type":"ImageObject","inLanguage":"fr-FR","@id":"https:\/\/dovida.ch\/fr\/carriere\/emplois-de-bureau\/#primaryimage","url":"https:\/\/dovida.ch\/wp-content\/uploads\/sites\/7\/2025\/02\/dovida-caregiver-portrait-home-help-scaled.jpg","contentUrl":"https:\/\/dovida.ch\/wp-content\/uploads\/sites\/7\/2025\/02\/dovida-caregiver-portrait-home-help-scaled.jpg"},{"@type":"BreadcrumbList","@id":"https:\/\/dovida.ch\/fr\/carriere\/emplois-de-bureau\/#breadcrumb","itemListElement":[{"@type":"ListItem","position":1,"name":"Home","item":"https:\/\/dovida.ch\/fr\/"},{"@type":"ListItem","position":2,"name":"Carriere","item":"https:\/\/dovida.ch\/fr\/carriere\/"},{"@type":"ListItem","position":3,"name":"Emplois de bureau"}]},{"@type":"WebSite","@id":"https:\/\/dovida.ch\/fr\/#website","url":"https:\/\/dovida.ch\/fr\/","name":"Dovida","description":"","publisher":{"@id":"https:\/\/dovida.ch\/fr\/#organization"},"potentialAction":[{"@type":"SearchAction","target":{"@type":"EntryPoint","urlTemplate":"https:\/\/dovida.ch\/fr\/?s={search_term_string}"},"query-input":{"@type":"PropertyValueSpecification","valueRequired":true,"valueName":"search_term_string"}}],"inLanguage":"fr-FR"},{"@type":"Organization","@id":"https:\/\/dovida.ch\/fr\/#organization","name":"Dovida","url":"https:\/\/dovida.ch\/fr\/","logo":{"@type":"ImageObject","inLanguage":"fr-FR","@id":"https:\/\/dovida.ch\/fr\/#\/schema\/logo\/image\/","url":"https:\/\/dovida.ch\/wp-content\/uploads\/sites\/7\/2025\/03\/organization-logo.jpg","contentUrl":"https:\/\/dovida.ch\/wp-content\/uploads\/sites\/7\/2025\/03\/organization-logo.jpg","width":696,"height":696,"caption":"Dovida"},"image":{"@id":"https:\/\/dovida.ch\/fr\/#\/schema\/logo\/image\/"}}]}},"_links":{"self":[{"href":"https:\/\/dovida.ch\/fr\/wp-json\/wp\/v2\/pages\/66","targetHints":{"allow":["GET"]}}],"collection":[{"href":"https:\/\/dovida.ch\/fr\/wp-json\/wp\/v2\/pages"}],"about":[{"href":"https:\/\/dovida.ch\/fr\/wp-json\/wp\/v2\/types\/page"}],"author":[{"embeddable":true,"href":"https:\/\/dovida.ch\/fr\/wp-json\/wp\/v2\/users\/5"}],"replies":[{"embeddable":true,"href":"https:\/\/dovida.ch\/fr\/wp-json\/wp\/v2\/comments?post=66"}],"version-history":[{"count":10,"href":"https:\/\/dovida.ch\/fr\/wp-json\/wp\/v2\/pages\/66\/revisions"}],"predecessor-version":[{"id":7626,"href":"https:\/\/dovida.ch\/fr\/wp-json\/wp\/v2\/pages\/66\/revisions\/7626"}],"up":[{"embeddable":true,"href":"https:\/\/dovida.ch\/fr\/wp-json\/wp\/v2\/pages\/17"}],"wp:attachment":[{"href":"https:\/\/dovida.ch\/fr\/wp-json\/wp\/v2\/media?parent=66"}],"curies":[{"name":"wp","href":"https:\/\/api.w.org\/{rel}","templated":true}]}}