{"id":6257,"date":"2025-10-06T11:22:10","date_gmt":"2025-10-06T10:22:10","guid":{"rendered":"https:\/\/dovida.ch\/?page_id=6257"},"modified":"2026-03-17T16:17:11","modified_gmt":"2026-03-17T15:17:11","slug":"emplois-accompagnement","status":"publish","type":"page","link":"https:\/\/dovida.ch\/fr\/carriere\/emplois-accompagnement\/","title":{"rendered":"Emplois Accompagnement"},"content":{"rendered":"\n<section class=\"wp-block-morningmodules-text-media mt-text-media mt-text-media--align-media-left mt-text-media--align-media-mobile-bottom mt-text-media--contain-media\"><div class=\"mt-text-media__inner\"><div class=\"mt-text-media__media-container\"><img decoding=\"async\" class=\"\" src=\"https:\/\/dovida.ch\/wp-content\/uploads\/sites\/7\/2026\/03\/FR-Dovida-Weiterempfehlung-3-scaled.jpg\" alt=\"FR Dovida Weiterempfehlung (3)\" style=\"object-position:center\"\/><\/div><div class=\"mt-text-media__text-container\"><h2 class=\"mt-title mt-text-media__title mt-title\">Votre nouveau poste comme accompagnante ou accompagnant <\/h2>\n<p>Vous souhaitez un emploi avec des perspectives\u202f? Vous cherchez \u00e0 r\u00e9int\u00e9grer le march\u00e9 du travail? Ou vous \u00eates \u00e0 la retraite et int\u00e9ress\u00e9(e) par une activit\u00e9 porteuse de sens? Nous vous proposons un travail \u00e0 temps partiel flexible, aux horaires qui vous conviennent. Nous recherchons des collaboratrices et collaborateurs avec ou sans formation en soins.<\/p>\n\n\n\n<div class=\"wp-block-buttons is-layout-flex wp-block-buttons-is-layout-flex\">\n<div class=\"wp-block-button\"><a class=\"wp-block-button__link wp-element-button\" href=\"https:\/\/dovida.ch\/fr\/jobs\/6\/\" target=\"_blank\" rel=\"noreferrer noopener\">Postuler maintenant<\/a><\/div>\n<\/div>\n<\/div><\/div><\/section>\n\n\n<div data-react-component=\"JobPostings\" data-react-props=\"{&quot;lang&quot;:&quot;fr_FR&quot;,&quot;noResultsText&quot;:&quot;Aucun r\\u00e9sultat trouv\\u00e9&quot;,&quot;params&quot;:{&quot;location&quot;:null,&quot;position&quot;:null,&quot;pageNumber&quot;:null,&quot;no&quot;:false},&quot;title&quot;:&quot;Postes vacants dans les services d\\u2019accompagnement en suisse romand&quot;,&quot;titleTag&quot;:&quot;h3&quot;,&quot;hideFilterBar&quot;:true,&quot;locationFieldType&quot;:&quot;search&quot;,&quot;locationFieldPlaceholder&quot;:&quot;Search&quot;,&quot;nationalOfficeMode&quot;:&quot;user-choice&quot;}\">\n    \n<\/div>\n\n\n\n\n<section class=\"mtSpacing-top-medium wp-block-morningmodules-image-link-boxes mt-image-link-boxes\" data-count=\"3\"><div class=\"mt-image-link-boxes__wrapper\"><div class=\"mt-image-link-boxes__inner\"><div class=\"mt-image-link-boxes__text-container\"><\/div><div class=\"mt-image-link-boxes__boxes-wrapper\"><div class=\"swiper\"><div class=\"swiper-wrapper\">\n<div class=\"wp-block-morningmodules-image-link-box mt-image-link-box swiper-slide\"><a href=\"https:\/\/dovida.ch\/unsere-dienstleistungen\/\" rel=\"noopener\" target=\"_self\" class=\"mt-image-link-box__link\"><\/a><h3 class=\"mt-image-link-box__title\">Vos t\u00e2ches<\/h3><p class=\"mt-image-link-box__text\">En tant qu\u2019accompagnante ou accompagnant chez Dovida, vous soutenez vos clientes et clients de mani\u00e8re individuelle et leur permettez ainsi de vivre dignement dans leur domicile familier. Vous \u00eates attribu\u00e9(e) de mani\u00e8re fixe \u00e0 vos clients et intervenez sans pression temporelle. <\/p><div class=\"mt-image-link-box__button-wrapper\"><div class=\"mt-image-link-box__button\">Nos services<\/div><\/div><\/div>\n\n\n\n<div class=\"wp-block-morningmodules-image-link-box mt-image-link-box swiper-slide\"><a href=\"https:\/\/www.swissstaffing.ch\/de\/Branche-Politik\/GAV-Personalverleih.php\" rel=\"noopener\" target=\"_self\" class=\"mt-image-link-box__link\"><\/a><h3 class=\"mt-image-link-box__title\">Votre r\u00e9mun\u00e9ration<\/h3><p class=\"mt-image-link-box__text\">Dovida est soumis au contrat collectif de travail (CCT) pour le placement de personnel. Celui-ci garantit des salaires \u00e9quitables, de bonnes conditions de travail et des am\u00e9liorations r\u00e9guli\u00e8res. Toutes les accompagnantes et tous les accompagnants de Dovida \u2013 y compris dans le domaine 24h\/24 \u2013 sont employ\u00e9s et assur\u00e9s en Suisse.  <\/p><div class=\"mt-image-link-box__button-wrapper\"><div class=\"mt-image-link-box__button\">Vers le CCT<\/div><\/div><\/div>\n\n\n\n<div class=\"wp-block-morningmodules-image-link-box mt-image-link-box swiper-slide\"><a href=\"https:\/\/www.zhl-akademie.ch\/\" rel=\"noopener\" target=\"_self\" class=\"mt-image-link-box__link\"><\/a><h3 class=\"mt-image-link-box__title\">Formation et perfectionnement<\/h3><p class=\"mt-image-link-box__text\">Que vous ayez d\u00e9j\u00e0 de l\u2019exp\u00e9rience dans l\u2019accompagnement et les soins \u00e0 domicile ou que vous souhaitiez vous orienter vers une nouvelle activit\u00e9 enrichissante, nous vous proposons des formations compl\u00e8tes et un soutien continu afin que vous puissiez accomplir votre mission avec plaisir et en toute confiance. <\/p><div class=\"mt-image-link-box__button-wrapper\"><div class=\"mt-image-link-box__button\">Vers notre acad\u00e9mie de formation<\/div><\/div><\/div>\n<\/div><\/div><div class=\"mt-image-link-boxes__navigation swiper-bottom-container\"><div class=\"mt-image-link-boxes__swiper-progress swiper-progress\"><\/div><div class=\"mt-image-link-boxes__swiper-buttons swiper-buttons\"><div class=\"mt-image-link-boxes__swiper-button mt-image-link-boxes__swiper-button--prev swiper-button-prev\"><\/div><div class=\"mt-image-link-boxes__swiper-button mt-image-link-boxes__swiper-button--next swiper-button-next\"><\/div><\/div><\/div><\/div><\/div><\/div><\/section>\n\n\n\n<section class=\"mtSpacing-top-small wp-block-morningmodules-text-link-boxes mt-text-link-boxes mt-text-link-boxes--mobile-slider mtSpacing-top-large\" data-count=\"3\"><div class=\"mt-text-link-boxes__wrapper\"><div class=\"mt-text-link-boxes__inner\"><div class=\"mt-text-link-boxes__text-container\"><h2 class=\"mt-title mt-text-link-boxes__title mt-title\">Les avantages des accompagnant\/e\/s Dovida<\/h2><p class=\"mt-text-link-boxes__text\">La population vieillissante requiert de plus en plus de soins et d&rsquo;accompagnement. Dovida s&rsquo;engage en faveur de bonnes conditions de travail, de normes de formation claires et de la reconnaissance sociale du m\u00e9tier d&rsquo;accompagnant\/e.  <\/p><\/div><div class=\"mt-text-link-boxes__boxes-wrapper\"><div class=\"swiper\"><div class=\"swiper-wrapper\">\n\n<div class=\"wp-block-morningmodules-text-link-box mt-text-link-box swiper-slide\"><div class=\"mt-text-link-box__title-container\"><div class=\"mt-text-link-box__icon-container\"><img decoding=\"async\" class=\"\" src=\"https:\/\/dovida.ch\/wp-content\/uploads\/sites\/7\/2025\/10\/Dovida_Icon-Growth-Red_RGB.png\" alt=\"\" style=\"object-position:center\"\/><\/div><h3 class=\"mt-title mt-text-link-box__title mt-title\">Des opportunit\u00e9s d&rsquo;\u00e9volution professionnelle<\/h3><\/div><p class=\"mt-text-link-box__text\">Vous travaillez dans un secteur professionnel tourn\u00e9 vers l&rsquo;avenir et pouvez b\u00e9n\u00e9ficier de formations cibl\u00e9es chez nous. Notre partenaire de formation, la Zuhause-leben-Akademie, certifi\u00e9e eduQua, est sp\u00e9cialiste de l&rsquo;accompagnement et des soins. <\/p><\/div>\n\n\n<div class=\"wp-block-morningmodules-text-link-box mt-text-link-box swiper-slide\"><div class=\"mt-text-link-box__title-container\"><div class=\"mt-text-link-box__icon-container\"><img decoding=\"async\" class=\"\" src=\"https:\/\/dovida.ch\/wp-content\/uploads\/sites\/7\/2025\/10\/Dovida_Icon-24HourCare-Red_RGB.png\" alt=\"\" style=\"object-position:center\"\/><\/div><h3 class=\"mt-title mt-text-link-box__title mt-title\">Des horaires de travail flexibles<\/h3><\/div><p class=\"mt-text-link-box__text\">Vous travaillez \u00e0 temps partiel et avez des horaires flexibles. Votre charge de travail et les horaires sont adapt\u00e9s \u00e0 vos besoins. <\/p><\/div>\n\n\n<div class=\"wp-block-morningmodules-text-link-box mt-text-link-box swiper-slide\"><div class=\"mt-text-link-box__title-container\"><div class=\"mt-text-link-box__icon-container\"><img decoding=\"async\" class=\"\" src=\"https:\/\/dovida.ch\/wp-content\/uploads\/sites\/7\/2026\/01\/Dovida_Icon-Caregiver-Red_RGB-1-e1767693897927.png\" alt=\"\" style=\"object-position:center\"\/><\/div><h3 class=\"mt-title mt-text-link-box__title mt-title\">Sinnstiftende Arbeit ohne Zeitdruck<\/h3><\/div><p class=\"mt-text-link-box__text\">\u00c9prouvez la satisfaction d&rsquo;apporter chaque jour une contribution importante et utile dans la vie d&rsquo;autrui. Vous serez affect\u00e9\/e \u00e0 vos client\/e\/s, et pourrez leur consacrer toute votre attention. <\/p><\/div>\n\n\n<div class=\"wp-block-morningmodules-text-link-box mt-text-link-box swiper-slide\"><div class=\"mt-text-link-box__title-container\"><div class=\"mt-text-link-box__icon-container\"><img decoding=\"async\" class=\"\" src=\"https:\/\/dovida.ch\/wp-content\/uploads\/sites\/7\/2026\/01\/Dovida_Icon-CheckMark-Red_RGB-1-e1767693840227.png\" alt=\"\" style=\"object-position:center\"\/><\/div><h3 class=\"mt-title mt-text-link-box__title mt-title\">Des conditions de travail \u00e9quitables<\/h3><\/div><p class=\"mt-text-link-box__text\">Vous \u00eates soumis\/e \u00e0 la Convention Collective de Travail (CCT) Location de services. La CCT est synonyme d&rsquo;\u00e9quit\u00e9, de pr\u00e9visibilit\u00e9 et de stabilit\u00e9. Elle garantit de bonnes conditions de travail aux personnes employ\u00e9es en Suisse. <\/p><\/div>\n\n\n<div class=\"wp-block-morningmodules-text-link-box mt-text-link-box swiper-slide\"><div class=\"mt-text-link-box__title-container\"><div class=\"mt-text-link-box__icon-container\"><img decoding=\"async\" class=\"\" src=\"https:\/\/dovida.ch\/wp-content\/uploads\/sites\/7\/2025\/10\/Dovida_Icon-People-Red_RGB.png\" alt=\"\" style=\"object-position:center\"\/><\/div><h3 class=\"mt-title mt-text-link-box__title mt-title\">Premier employeur pour les plus de 55 ans<\/h3><\/div><p class=\"mt-text-link-box__text\">Dovida accorde la m\u00eame estime \u00e0 tous ses collaborateurs et collaboratrices. Nous sommes fiers de compter parmi nous des accompagnant\/e\/s b\u00e9n\u00e9ficiant d&rsquo;une grande exp\u00e9rience de vie, sur qui nous pouvons compter m\u00eame apr\u00e8s l&rsquo;\u00e2ge de la retraite. <\/p><\/div>\n\n\n<div class=\"wp-block-morningmodules-text-link-box mt-text-link-box swiper-slide\"><div class=\"mt-text-link-box__title-container\"><div class=\"mt-text-link-box__icon-container\"><img decoding=\"async\" class=\"\" src=\"https:\/\/dovida.ch\/wp-content\/uploads\/sites\/7\/2026\/01\/Dovida_GraphicElement-Red_RGB-1-scaled-e1767699530571.png\" alt=\"\" style=\"object-position:center\"\/><\/div><h3 class=\"mt-title mt-text-link-box__title mt-title\">Un cercle d\u2019accompagnement pour vous soutenir<\/h3><\/div><p class=\"mt-text-link-box__text\">Nous ne vous laisserons pas seul\/e. Vous b\u00e9n\u00e9ficierez d\u2019un soutien personnalis\u00e9 pour toutes vos demandes, vous aurez la possibilit\u00e9 d&rsquo;\u00e9changer avec d&rsquo;autres accompagnant\/e\/s et de demander conseil \u00e0 un\/e professionnel\/le exp\u00e9riment\u00e9\/e. <\/p><\/div>\n\n<\/div><\/div><div class=\"mt-text-link-boxes__navigation swiper-bottom-container\"><div class=\"mt-text-link-boxes__swiper-progress swiper-progress\"><\/div><div class=\"mt-text-link-boxes__swiper-buttons swiper-buttons\"><div class=\"mt-text-link-boxes__swiper-button mt-text-link-boxes__swiper-button--prev swiper-button-prev\"><\/div><div class=\"mt-text-link-boxes__swiper-button mt-text-link-boxes__swiper-button--next swiper-button-next\"><\/div><\/div><\/div><\/div><\/div><\/div><\/section>\n\n\n\n<div class=\"wp-block-group is-layout-constrained wp-block-group-is-layout-constrained\"><\/div>\n","protected":false},"excerpt":{"rendered":"","protected":false},"author":14,"featured_media":0,"parent":17,"menu_order":0,"comment_status":"closed","ping_status":"closed","template":"","meta":{"_acf_changed":false,"inline_featured_image":false,"footnotes":""},"class_list":["post-6257","page","type-page","status-publish","hentry"],"acf":[],"yoast_head":"<!-- This site is optimized with the Yoast SEO plugin v26.9 - https:\/\/yoast.com\/product\/yoast-seo-wordpress\/ -->\n<title>Votre nouveau poste comme accompagnant(e)<\/title>\n<meta name=\"description\" content=\"Votre nouveau poste comme accompagnante ou accompagnantVous souhaitez un emploi avec des perspectives\u202f? Vous cherchez \u00e0 r\u00e9int\u00e9grer le march\u00e9 du travail? Ou vous \u00eates \u00e0 la retraite et int\u00e9ress\u00e9(e) par une activit\u00e9 porteuse de sens?Nous vous proposons un travail \u00e0 temps partiel flexible, aux horaires qui vous conviennent. Nous recherchons des collaboratrices et collaborateurs avec ou sans formation en soins.\" \/>\n<meta name=\"robots\" content=\"index, follow, max-snippet:-1, max-image-preview:large, max-video-preview:-1\" \/>\n<link rel=\"canonical\" href=\"https:\/\/dovida.ch\/fr\/carriere\/emplois-accompagnement\/\" \/>\n<meta property=\"og:locale\" content=\"fr_FR\" \/>\n<meta property=\"og:type\" content=\"article\" \/>\n<meta property=\"og:title\" content=\"Votre nouveau poste comme accompagnant(e)\" \/>\n<meta property=\"og:description\" content=\"Votre nouveau poste comme accompagnante ou accompagnantVous souhaitez un emploi avec des perspectives\u202f? Vous cherchez \u00e0 r\u00e9int\u00e9grer le march\u00e9 du travail? Ou vous \u00eates \u00e0 la retraite et int\u00e9ress\u00e9(e) par une activit\u00e9 porteuse de sens?Nous vous proposons un travail \u00e0 temps partiel flexible, aux horaires qui vous conviennent. Nous recherchons des collaboratrices et collaborateurs avec ou sans formation en soins.\" \/>\n<meta property=\"og:url\" content=\"https:\/\/dovida.ch\/fr\/carriere\/emplois-accompagnement\/\" \/>\n<meta property=\"og:site_name\" content=\"Dovida CH\" \/>\n<meta property=\"article:modified_time\" content=\"2026-03-17T15:17:11+00:00\" \/>\n<meta property=\"og:image\" content=\"https:\/\/dovida.ch\/wp-content\/uploads\/sites\/7\/2026\/03\/FR-Dovida-Weiterempfehlung-3-scaled.jpg\" \/>\n<meta name=\"twitter:card\" content=\"summary_large_image\" \/>\n<meta name=\"twitter:label1\" content=\"Dur\u00e9e de lecture estim\u00e9e\" \/>\n\t<meta name=\"twitter:data1\" content=\"5 minutes\" \/>\n<script type=\"application\/ld+json\" class=\"yoast-schema-graph\">{\"@context\":\"https:\/\/schema.org\",\"@graph\":[{\"@type\":\"WebPage\",\"@id\":\"https:\/\/dovida.ch\/fr\/carriere\/emplois-accompagnement\/\",\"url\":\"https:\/\/dovida.ch\/fr\/carriere\/emplois-accompagnement\/\",\"name\":\"Votre nouveau poste comme accompagnant(e)\",\"isPartOf\":{\"@id\":\"https:\/\/dovida.ch\/fr\/#website\"},\"primaryImageOfPage\":{\"@id\":\"https:\/\/dovida.ch\/fr\/carriere\/emplois-accompagnement\/#primaryimage\"},\"image\":{\"@id\":\"https:\/\/dovida.ch\/fr\/carriere\/emplois-accompagnement\/#primaryimage\"},\"thumbnailUrl\":\"https:\/\/dovida.ch\/wp-content\/uploads\/sites\/7\/2026\/03\/FR-Dovida-Weiterempfehlung-3-scaled.jpg\",\"datePublished\":\"2025-10-06T10:22:10+00:00\",\"dateModified\":\"2026-03-17T15:17:11+00:00\",\"description\":\"Votre nouveau poste comme accompagnante ou accompagnantVous souhaitez un emploi avec des perspectives\u202f? Vous cherchez \u00e0 r\u00e9int\u00e9grer le march\u00e9 du travail? Ou vous \u00eates \u00e0 la retraite et int\u00e9ress\u00e9(e) par une activit\u00e9 porteuse de sens?Nous vous proposons un travail \u00e0 temps partiel flexible, aux horaires qui vous conviennent. Nous recherchons des collaboratrices et collaborateurs avec ou sans formation en soins.\",\"breadcrumb\":{\"@id\":\"https:\/\/dovida.ch\/fr\/carriere\/emplois-accompagnement\/#breadcrumb\"},\"inLanguage\":\"fr-FR\",\"potentialAction\":[{\"@type\":\"ReadAction\",\"target\":[\"https:\/\/dovida.ch\/fr\/carriere\/emplois-accompagnement\/\"]}]},{\"@type\":\"ImageObject\",\"inLanguage\":\"fr-FR\",\"@id\":\"https:\/\/dovida.ch\/fr\/carriere\/emplois-accompagnement\/#primaryimage\",\"url\":\"https:\/\/dovida.ch\/wp-content\/uploads\/sites\/7\/2026\/03\/FR-Dovida-Weiterempfehlung-3-scaled.jpg\",\"contentUrl\":\"https:\/\/dovida.ch\/wp-content\/uploads\/sites\/7\/2026\/03\/FR-Dovida-Weiterempfehlung-3-scaled.jpg\"},{\"@type\":\"BreadcrumbList\",\"@id\":\"https:\/\/dovida.ch\/fr\/carriere\/emplois-accompagnement\/#breadcrumb\",\"itemListElement\":[{\"@type\":\"ListItem\",\"position\":1,\"name\":\"Home\",\"item\":\"https:\/\/dovida.ch\/fr\/\"},{\"@type\":\"ListItem\",\"position\":2,\"name\":\"Carriere\",\"item\":\"https:\/\/dovida.ch\/fr\/carriere\/\"},{\"@type\":\"ListItem\",\"position\":3,\"name\":\"Emplois Accompagnement\"}]},{\"@type\":\"WebSite\",\"@id\":\"https:\/\/dovida.ch\/fr\/#website\",\"url\":\"https:\/\/dovida.ch\/fr\/\",\"name\":\"Dovida\",\"description\":\"\",\"publisher\":{\"@id\":\"https:\/\/dovida.ch\/fr\/#organization\"},\"potentialAction\":[{\"@type\":\"SearchAction\",\"target\":{\"@type\":\"EntryPoint\",\"urlTemplate\":\"https:\/\/dovida.ch\/fr\/?s={search_term_string}\"},\"query-input\":{\"@type\":\"PropertyValueSpecification\",\"valueRequired\":true,\"valueName\":\"search_term_string\"}}],\"inLanguage\":\"fr-FR\"},{\"@type\":\"Organization\",\"@id\":\"https:\/\/dovida.ch\/fr\/#organization\",\"name\":\"Dovida\",\"url\":\"https:\/\/dovida.ch\/fr\/\",\"logo\":{\"@type\":\"ImageObject\",\"inLanguage\":\"fr-FR\",\"@id\":\"https:\/\/dovida.ch\/fr\/#\/schema\/logo\/image\/\",\"url\":\"https:\/\/dovida.ch\/wp-content\/uploads\/sites\/7\/2025\/03\/organization-logo.jpg\",\"contentUrl\":\"https:\/\/dovida.ch\/wp-content\/uploads\/sites\/7\/2025\/03\/organization-logo.jpg\",\"width\":696,\"height\":696,\"caption\":\"Dovida\"},\"image\":{\"@id\":\"https:\/\/dovida.ch\/fr\/#\/schema\/logo\/image\/\"}}]}<\/script>\n<!-- \/ Yoast SEO plugin. -->","yoast_head_json":{"title":"Votre nouveau poste comme accompagnant(e)","description":"Votre nouveau poste comme accompagnante ou accompagnantVous souhaitez un emploi avec des perspectives\u202f? Vous cherchez \u00e0 r\u00e9int\u00e9grer le march\u00e9 du travail? Ou vous \u00eates \u00e0 la retraite et int\u00e9ress\u00e9(e) par une activit\u00e9 porteuse de sens?Nous vous proposons un travail \u00e0 temps partiel flexible, aux horaires qui vous conviennent. Nous recherchons des collaboratrices et collaborateurs avec ou sans formation en soins.","robots":{"index":"index","follow":"follow","max-snippet":"max-snippet:-1","max-image-preview":"max-image-preview:large","max-video-preview":"max-video-preview:-1"},"canonical":"https:\/\/dovida.ch\/fr\/carriere\/emplois-accompagnement\/","og_locale":"fr_FR","og_type":"article","og_title":"Votre nouveau poste comme accompagnant(e)","og_description":"Votre nouveau poste comme accompagnante ou accompagnantVous souhaitez un emploi avec des perspectives\u202f? Vous cherchez \u00e0 r\u00e9int\u00e9grer le march\u00e9 du travail? Ou vous \u00eates \u00e0 la retraite et int\u00e9ress\u00e9(e) par une activit\u00e9 porteuse de sens?Nous vous proposons un travail \u00e0 temps partiel flexible, aux horaires qui vous conviennent. Nous recherchons des collaboratrices et collaborateurs avec ou sans formation en soins.","og_url":"https:\/\/dovida.ch\/fr\/carriere\/emplois-accompagnement\/","og_site_name":"Dovida CH","article_modified_time":"2026-03-17T15:17:11+00:00","og_image":[{"url":"https:\/\/dovida.ch\/wp-content\/uploads\/sites\/7\/2026\/03\/FR-Dovida-Weiterempfehlung-3-scaled.jpg","type":"","width":"","height":""}],"twitter_card":"summary_large_image","twitter_misc":{"Dur\u00e9e de lecture estim\u00e9e":"5 minutes"},"schema":{"@context":"https:\/\/schema.org","@graph":[{"@type":"WebPage","@id":"https:\/\/dovida.ch\/fr\/carriere\/emplois-accompagnement\/","url":"https:\/\/dovida.ch\/fr\/carriere\/emplois-accompagnement\/","name":"Votre nouveau poste comme accompagnant(e)","isPartOf":{"@id":"https:\/\/dovida.ch\/fr\/#website"},"primaryImageOfPage":{"@id":"https:\/\/dovida.ch\/fr\/carriere\/emplois-accompagnement\/#primaryimage"},"image":{"@id":"https:\/\/dovida.ch\/fr\/carriere\/emplois-accompagnement\/#primaryimage"},"thumbnailUrl":"https:\/\/dovida.ch\/wp-content\/uploads\/sites\/7\/2026\/03\/FR-Dovida-Weiterempfehlung-3-scaled.jpg","datePublished":"2025-10-06T10:22:10+00:00","dateModified":"2026-03-17T15:17:11+00:00","description":"Votre nouveau poste comme accompagnante ou accompagnantVous souhaitez un emploi avec des perspectives\u202f? Vous cherchez \u00e0 r\u00e9int\u00e9grer le march\u00e9 du travail? Ou vous \u00eates \u00e0 la retraite et int\u00e9ress\u00e9(e) par une activit\u00e9 porteuse de sens?Nous vous proposons un travail \u00e0 temps partiel flexible, aux horaires qui vous conviennent. Nous recherchons des collaboratrices et collaborateurs avec ou sans formation en soins.","breadcrumb":{"@id":"https:\/\/dovida.ch\/fr\/carriere\/emplois-accompagnement\/#breadcrumb"},"inLanguage":"fr-FR","potentialAction":[{"@type":"ReadAction","target":["https:\/\/dovida.ch\/fr\/carriere\/emplois-accompagnement\/"]}]},{"@type":"ImageObject","inLanguage":"fr-FR","@id":"https:\/\/dovida.ch\/fr\/carriere\/emplois-accompagnement\/#primaryimage","url":"https:\/\/dovida.ch\/wp-content\/uploads\/sites\/7\/2026\/03\/FR-Dovida-Weiterempfehlung-3-scaled.jpg","contentUrl":"https:\/\/dovida.ch\/wp-content\/uploads\/sites\/7\/2026\/03\/FR-Dovida-Weiterempfehlung-3-scaled.jpg"},{"@type":"BreadcrumbList","@id":"https:\/\/dovida.ch\/fr\/carriere\/emplois-accompagnement\/#breadcrumb","itemListElement":[{"@type":"ListItem","position":1,"name":"Home","item":"https:\/\/dovida.ch\/fr\/"},{"@type":"ListItem","position":2,"name":"Carriere","item":"https:\/\/dovida.ch\/fr\/carriere\/"},{"@type":"ListItem","position":3,"name":"Emplois Accompagnement"}]},{"@type":"WebSite","@id":"https:\/\/dovida.ch\/fr\/#website","url":"https:\/\/dovida.ch\/fr\/","name":"Dovida","description":"","publisher":{"@id":"https:\/\/dovida.ch\/fr\/#organization"},"potentialAction":[{"@type":"SearchAction","target":{"@type":"EntryPoint","urlTemplate":"https:\/\/dovida.ch\/fr\/?s={search_term_string}"},"query-input":{"@type":"PropertyValueSpecification","valueRequired":true,"valueName":"search_term_string"}}],"inLanguage":"fr-FR"},{"@type":"Organization","@id":"https:\/\/dovida.ch\/fr\/#organization","name":"Dovida","url":"https:\/\/dovida.ch\/fr\/","logo":{"@type":"ImageObject","inLanguage":"fr-FR","@id":"https:\/\/dovida.ch\/fr\/#\/schema\/logo\/image\/","url":"https:\/\/dovida.ch\/wp-content\/uploads\/sites\/7\/2025\/03\/organization-logo.jpg","contentUrl":"https:\/\/dovida.ch\/wp-content\/uploads\/sites\/7\/2025\/03\/organization-logo.jpg","width":696,"height":696,"caption":"Dovida"},"image":{"@id":"https:\/\/dovida.ch\/fr\/#\/schema\/logo\/image\/"}}]}},"_links":{"self":[{"href":"https:\/\/dovida.ch\/fr\/wp-json\/wp\/v2\/pages\/6257","targetHints":{"allow":["GET"]}}],"collection":[{"href":"https:\/\/dovida.ch\/fr\/wp-json\/wp\/v2\/pages"}],"about":[{"href":"https:\/\/dovida.ch\/fr\/wp-json\/wp\/v2\/types\/page"}],"author":[{"embeddable":true,"href":"https:\/\/dovida.ch\/fr\/wp-json\/wp\/v2\/users\/14"}],"replies":[{"embeddable":true,"href":"https:\/\/dovida.ch\/fr\/wp-json\/wp\/v2\/comments?post=6257"}],"version-history":[{"count":9,"href":"https:\/\/dovida.ch\/fr\/wp-json\/wp\/v2\/pages\/6257\/revisions"}],"predecessor-version":[{"id":8625,"href":"https:\/\/dovida.ch\/fr\/wp-json\/wp\/v2\/pages\/6257\/revisions\/8625"}],"up":[{"embeddable":true,"href":"https:\/\/dovida.ch\/fr\/wp-json\/wp\/v2\/pages\/17"}],"wp:attachment":[{"href":"https:\/\/dovida.ch\/fr\/wp-json\/wp\/v2\/media?parent=6257"}],"curies":[{"name":"wp","href":"https:\/\/api.w.org\/{rel}","templated":true}]}}