{"id":179,"date":"2025-02-04T08:01:20","date_gmt":"2025-02-04T08:01:20","guid":{"rendered":"https:\/\/dovida.ch\/?page_id=179"},"modified":"2026-03-06T14:31:22","modified_gmt":"2026-03-06T13:31:22","slug":"contacter-agence-locale","status":"publish","type":"page","link":"https:\/\/dovida.ch\/fr\/contacter-agence-locale\/","title":{"rendered":"Contactez votre interlocuteur local"},"content":{"rendered":"<div data-react-component=\"LocalSearch\" data-react-props=\"{&quot;title&quot;:&quot;Trouvez un accompagnement avec Dovida&quot;,&quot;text&quot;:&quot;Entrez votre commune ou votre code postal pour trouver l&#039; interlocuteur Dovida le plus proche.&quot;,&quot;placeholder&quot;:&quot;Entrez le code postal, le lieu&quot;,&quot;media&quot;:{&quot;id&quot;:26,&quot;url&quot;:&quot;https:\\\/\\\/dovida.ch\\\/wp-content\\\/uploads\\\/sites\\\/7\\\/2025\\\/02\\\/dovida-caregiver-supporting-elderly-in-home-care-scaled.jpg&quot;,&quot;alt&quot;:&quot;\\&quot;\\&quot;&quot;,&quot;type&quot;:&quot;image&quot;,&quot;subtype&quot;:&quot;jpeg&quot;},&quot;mtSpacing&quot;:{&quot;bottom&quot;:&quot;large&quot;},&quot;titleTag&quot;:&quot;h2&quot;,&quot;type&quot;:&quot;inquiries&quot;,&quot;fieldType&quot;:&quot;search&quot;,&quot;mediaType&quot;:&quot;image&quot;,&quot;subtext&quot;:&quot;Nous avons des interlocuteurs dans toutes les r\\u00e9gions de Suisse romande et de Suisse al\\u00e8manique.&quot;,&quot;subtextVisible&quot;:null,&quot;noResultsTitle&quot;:null,&quot;noResultsText&quot;:null,&quot;mapKey&quot;:&quot;&quot;}\">\n    \n<\/div>\n\n\n\n\n<section class=\"wp-block-morningmodules-text-link-boxes mt-text-link-boxes mt-text-link-boxes--mobile-slider\" data-count=\"3\"><div class=\"mt-text-link-boxes__wrapper\"><div class=\"mt-text-link-boxes__inner\"><div class=\"mt-text-link-boxes__text-container\"><h2 class=\"mt-title mt-text-link-boxes__title mt-title\">Contactez notre si\u00e8ge social en Suisse<\/h2><p class=\"mt-text-link-boxes__text\">Si vous pr\u00e9f\u00e9rez contacter notre si\u00e8ge social, utilisez les options ci-dessous.<br><br>Vous pouvez nous contacter \u00e0 <a href=\"mailto:info@dovida.ch\">info@dovida.ch<\/a> ou <a href=\"tel:+41618556050\">+41 61 855 60 50<\/a><\/p><\/div><div class=\"mt-text-link-boxes__boxes-wrapper\"><div class=\"swiper\"><div class=\"swiper-wrapper\"><\/div><\/div><div class=\"mt-text-link-boxes__navigation swiper-bottom-container\"><div class=\"mt-text-link-boxes__swiper-progress swiper-progress\"><\/div><div class=\"mt-text-link-boxes__swiper-buttons swiper-buttons\"><div class=\"mt-text-link-boxes__swiper-button mt-text-link-boxes__swiper-button--prev swiper-button-prev\"><\/div><div class=\"mt-text-link-boxes__swiper-button mt-text-link-boxes__swiper-button--next swiper-button-next\"><\/div><\/div><\/div><\/div><\/div><\/div><\/section>\n\n\n\n<section class=\"mtSpacing-top-large wp-block-morningmodules-text-media mt-text-media mt-text-media--align-media-right mt-text-media--align-media-mobile-bottom\"><div class=\"mt-text-media__inner\"><div class=\"mt-text-media__media-container\"><img decoding=\"async\" class=\"\" src=\"https:\/\/dovida.ch\/wp-content\/uploads\/sites\/7\/2025\/02\/dovida-caregiver-portrait-elderly-care-scaled.jpg\" alt=\"&quot;&quot;\" style=\"object-position:center\"\/><\/div><div class=\"mt-text-media__text-container\"><h2 class=\"mt-title mt-text-media__title mt-title\">Vous \u00eates \u00e0 la recherche d\u2019un emploi qui fait la diff\u00e9rence?<\/h2>\n<p>Rejoignez notre \u00e9quipe de professionnels qui font la diff\u00e9rence dans la vie des personnes dans toute la Suisse.<\/p>\n\n\n\n<div class=\"wp-block-buttons is-layout-flex wp-block-buttons-is-layout-flex\">\n<div class=\"wp-block-button\"><a class=\"wp-block-button__link wp-element-button\" href=\"https:\/\/dovida.ch\/fr\/carriere\/emplois\/\">Rejoindre notre \u00e9quipe<\/a><\/div>\n<\/div>\n<\/div><\/div><\/section>\n\n\n\n<section class=\"mtSpacing-top-large mtSpacing-bottom-medium wp-block-dovida-post-content mt-post-content\"><div class=\"mt-post-content__inner\"><div class=\"mt-post-content__content\">\n<h2 class=\"wp-block-heading\">Comment \u00e7a marche<\/h2>\n\n\n\n<p><strong><strong>\u00c9tape 1 \u2013 Contacter votre interlocuteur local<\/strong><\/strong><br>Commencez votre parcours en contactant votre interlocuteur local de Dovida. Nous serions heureux de vous informer sur les possibilit\u00e9s d\u2019accompagnement et de vous aider \u00e0 identifier les aides financi\u00e8res \u00e9ventuelles auxquelles vous avez droit.<br><br><strong><strong>\u00c9tape 2 \u2013 Entretien de conseil pour l\u2019accompagnement \u00e0 domicile<\/strong><\/strong><br>L&rsquo;une de nos conseill\u00e8res et l&rsquo;un de nos infirmiers sp\u00e9cialis\u00e9s dans l&rsquo;accompagnement \u00e0 domicile se rendent \u00e0 votre domicile pour un entretien informatif avec vous, et avec votre famille si vous le souhaitez. Cela lui permettra de mieux comprendre vos besoins et d\u2019\u00e9laborer un plan d\u2019accompagnement pour vous soutenir au mieux.<br><br><strong><strong>\u00c9tape 3 \u2013 Trouver la bonne personne<\/strong><\/strong><br>Nous trouvons des accompagnants qui correspondent\u00e0 vos pr\u00e9f\u00e9rences, vos besoins et vos centres d\u2019int\u00e9r\u00eat. Les visites seront programm\u00e9es aux dates et aux heures de votre choix, afin que vous puissiez commencer \u00e0 b\u00e9n\u00e9ficier d\u2019un accompagnement en toute s\u00e9r\u00e9nit\u00e9.<br><br><strong><strong>\u00c9tape 4 \u2013 Apprendre \u00e0 se conna\u00eetre<\/strong><\/strong><br>L&rsquo;accompagnant vous soutient et apprend \u00e0 vous conna\u00eetre, ainsi que vos routines et vos besoins, afin de cr\u00e9er une relation de confiance.<\/p>\n\n\n\n<p><strong><strong>\u00c9tape 5 \u2013 R\u00e9examen continu<\/strong><\/strong> <br>Votre responsable de l\u2019accompagnement \u00e0 domicile coop\u00e9rera avec vous pour s\u2019assurer que le soutien r\u00e9pond \u00e0 vos besoins et que vous \u00eates satisfait\/e du service fourni. Le type et l&rsquo;\u00e9tendue de l&rsquo;accompagnement peuvent \u00eatre adapt\u00e9s \u00e0 tout moment \u00e0 vos besoins.<\/p>\n<\/div><\/div><\/section>\n\n\n\n<p><\/p>\n","protected":false},"excerpt":{"rendered":"","protected":false},"author":5,"featured_media":0,"parent":0,"menu_order":0,"comment_status":"closed","ping_status":"closed","template":"","meta":{"_acf_changed":false,"inline_featured_image":false,"footnotes":""},"class_list":["post-179","page","type-page","status-publish","hentry"],"acf":[],"yoast_head":"<!-- This site is optimized with the Yoast SEO plugin v26.9 - https:\/\/yoast.com\/product\/yoast-seo-wordpress\/ -->\n<title>Trouvez les coordonn\u00e9es de votre agence locale Dovida<\/title>\n<meta name=\"description\" content=\"Trouvez les coordonn\u00e9es de votre agence locale Dovida et d\u00e9couvrez comment l\u2019accompagnement flexible \u00e0 domicile, centr\u00e9 sur la personne, permet une vie plus ind\u00e9pendante.\" \/>\n<meta name=\"robots\" content=\"index, follow, max-snippet:-1, max-image-preview:large, max-video-preview:-1\" \/>\n<link rel=\"canonical\" href=\"https:\/\/dovida.ch\/fr\/contacter-agence-locale\/\" \/>\n<meta property=\"og:locale\" content=\"fr_FR\" \/>\n<meta property=\"og:type\" content=\"article\" \/>\n<meta property=\"og:title\" content=\"Trouvez les coordonn\u00e9es de votre agence locale Dovida\" \/>\n<meta property=\"og:description\" content=\"Trouvez les coordonn\u00e9es de votre agence locale Dovida et d\u00e9couvrez comment l\u2019accompagnement flexible \u00e0 domicile, centr\u00e9 sur la personne, permet une vie plus ind\u00e9pendante.\" \/>\n<meta property=\"og:url\" content=\"https:\/\/dovida.ch\/fr\/contacter-agence-locale\/\" \/>\n<meta property=\"og:site_name\" content=\"Dovida CH\" \/>\n<meta property=\"article:modified_time\" content=\"2026-03-06T13:31:22+00:00\" \/>\n<meta property=\"og:image\" content=\"https:\/\/dovida.ch\/wp-content\/uploads\/sites\/7\/2025\/02\/dovida-caregiver-portrait-elderly-care-scaled.jpg\" \/>\n<meta name=\"twitter:card\" content=\"summary_large_image\" \/>\n<meta name=\"twitter:label1\" content=\"Dur\u00e9e de lecture estim\u00e9e\" \/>\n\t<meta name=\"twitter:data1\" content=\"2 minutes\" \/>\n<script type=\"application\/ld+json\" class=\"yoast-schema-graph\">{\"@context\":\"https:\/\/schema.org\",\"@graph\":[{\"@type\":\"WebPage\",\"@id\":\"https:\/\/dovida.ch\/fr\/contacter-agence-locale\/\",\"url\":\"https:\/\/dovida.ch\/fr\/contacter-agence-locale\/\",\"name\":\"Trouvez les coordonn\u00e9es de votre agence locale Dovida\",\"isPartOf\":{\"@id\":\"https:\/\/dovida.ch\/fr\/#website\"},\"primaryImageOfPage\":{\"@id\":\"https:\/\/dovida.ch\/fr\/contacter-agence-locale\/#primaryimage\"},\"image\":{\"@id\":\"https:\/\/dovida.ch\/fr\/contacter-agence-locale\/#primaryimage\"},\"thumbnailUrl\":\"https:\/\/dovida.ch\/wp-content\/uploads\/sites\/7\/2025\/02\/dovida-caregiver-portrait-elderly-care-scaled.jpg\",\"datePublished\":\"2025-02-04T08:01:20+00:00\",\"dateModified\":\"2026-03-06T13:31:22+00:00\",\"description\":\"Trouvez les coordonn\u00e9es de votre agence locale Dovida et d\u00e9couvrez comment l\u2019accompagnement flexible \u00e0 domicile, centr\u00e9 sur la personne, permet une vie plus ind\u00e9pendante.\",\"breadcrumb\":{\"@id\":\"https:\/\/dovida.ch\/fr\/contacter-agence-locale\/#breadcrumb\"},\"inLanguage\":\"fr-FR\",\"potentialAction\":[{\"@type\":\"ReadAction\",\"target\":[\"https:\/\/dovida.ch\/fr\/contacter-agence-locale\/\"]}]},{\"@type\":\"ImageObject\",\"inLanguage\":\"fr-FR\",\"@id\":\"https:\/\/dovida.ch\/fr\/contacter-agence-locale\/#primaryimage\",\"url\":\"https:\/\/dovida.ch\/wp-content\/uploads\/sites\/7\/2025\/02\/dovida-caregiver-portrait-elderly-care-scaled.jpg\",\"contentUrl\":\"https:\/\/dovida.ch\/wp-content\/uploads\/sites\/7\/2025\/02\/dovida-caregiver-portrait-elderly-care-scaled.jpg\"},{\"@type\":\"BreadcrumbList\",\"@id\":\"https:\/\/dovida.ch\/fr\/contacter-agence-locale\/#breadcrumb\",\"itemListElement\":[{\"@type\":\"ListItem\",\"position\":1,\"name\":\"Home\",\"item\":\"https:\/\/dovida.ch\/fr\/\"},{\"@type\":\"ListItem\",\"position\":2,\"name\":\"Contactez votre interlocuteur local\"}]},{\"@type\":\"WebSite\",\"@id\":\"https:\/\/dovida.ch\/fr\/#website\",\"url\":\"https:\/\/dovida.ch\/fr\/\",\"name\":\"Dovida\",\"description\":\"\",\"publisher\":{\"@id\":\"https:\/\/dovida.ch\/fr\/#organization\"},\"potentialAction\":[{\"@type\":\"SearchAction\",\"target\":{\"@type\":\"EntryPoint\",\"urlTemplate\":\"https:\/\/dovida.ch\/fr\/?s={search_term_string}\"},\"query-input\":{\"@type\":\"PropertyValueSpecification\",\"valueRequired\":true,\"valueName\":\"search_term_string\"}}],\"inLanguage\":\"fr-FR\"},{\"@type\":\"Organization\",\"@id\":\"https:\/\/dovida.ch\/fr\/#organization\",\"name\":\"Dovida\",\"url\":\"https:\/\/dovida.ch\/fr\/\",\"logo\":{\"@type\":\"ImageObject\",\"inLanguage\":\"fr-FR\",\"@id\":\"https:\/\/dovida.ch\/fr\/#\/schema\/logo\/image\/\",\"url\":\"https:\/\/dovida.ch\/wp-content\/uploads\/sites\/7\/2025\/03\/organization-logo.jpg\",\"contentUrl\":\"https:\/\/dovida.ch\/wp-content\/uploads\/sites\/7\/2025\/03\/organization-logo.jpg\",\"width\":696,\"height\":696,\"caption\":\"Dovida\"},\"image\":{\"@id\":\"https:\/\/dovida.ch\/fr\/#\/schema\/logo\/image\/\"}}]}<\/script>\n<!-- \/ Yoast SEO plugin. -->","yoast_head_json":{"title":"Trouvez les coordonn\u00e9es de votre agence locale Dovida","description":"Trouvez les coordonn\u00e9es de votre agence locale Dovida et d\u00e9couvrez comment l\u2019accompagnement flexible \u00e0 domicile, centr\u00e9 sur la personne, permet une vie plus ind\u00e9pendante.","robots":{"index":"index","follow":"follow","max-snippet":"max-snippet:-1","max-image-preview":"max-image-preview:large","max-video-preview":"max-video-preview:-1"},"canonical":"https:\/\/dovida.ch\/fr\/contacter-agence-locale\/","og_locale":"fr_FR","og_type":"article","og_title":"Trouvez les coordonn\u00e9es de votre agence locale Dovida","og_description":"Trouvez les coordonn\u00e9es de votre agence locale Dovida et d\u00e9couvrez comment l\u2019accompagnement flexible \u00e0 domicile, centr\u00e9 sur la personne, permet une vie plus ind\u00e9pendante.","og_url":"https:\/\/dovida.ch\/fr\/contacter-agence-locale\/","og_site_name":"Dovida CH","article_modified_time":"2026-03-06T13:31:22+00:00","og_image":[{"url":"https:\/\/dovida.ch\/wp-content\/uploads\/sites\/7\/2025\/02\/dovida-caregiver-portrait-elderly-care-scaled.jpg","type":"","width":"","height":""}],"twitter_card":"summary_large_image","twitter_misc":{"Dur\u00e9e de lecture estim\u00e9e":"2 minutes"},"schema":{"@context":"https:\/\/schema.org","@graph":[{"@type":"WebPage","@id":"https:\/\/dovida.ch\/fr\/contacter-agence-locale\/","url":"https:\/\/dovida.ch\/fr\/contacter-agence-locale\/","name":"Trouvez les coordonn\u00e9es de votre agence locale Dovida","isPartOf":{"@id":"https:\/\/dovida.ch\/fr\/#website"},"primaryImageOfPage":{"@id":"https:\/\/dovida.ch\/fr\/contacter-agence-locale\/#primaryimage"},"image":{"@id":"https:\/\/dovida.ch\/fr\/contacter-agence-locale\/#primaryimage"},"thumbnailUrl":"https:\/\/dovida.ch\/wp-content\/uploads\/sites\/7\/2025\/02\/dovida-caregiver-portrait-elderly-care-scaled.jpg","datePublished":"2025-02-04T08:01:20+00:00","dateModified":"2026-03-06T13:31:22+00:00","description":"Trouvez les coordonn\u00e9es de votre agence locale Dovida et d\u00e9couvrez comment l\u2019accompagnement flexible \u00e0 domicile, centr\u00e9 sur la personne, permet une vie plus ind\u00e9pendante.","breadcrumb":{"@id":"https:\/\/dovida.ch\/fr\/contacter-agence-locale\/#breadcrumb"},"inLanguage":"fr-FR","potentialAction":[{"@type":"ReadAction","target":["https:\/\/dovida.ch\/fr\/contacter-agence-locale\/"]}]},{"@type":"ImageObject","inLanguage":"fr-FR","@id":"https:\/\/dovida.ch\/fr\/contacter-agence-locale\/#primaryimage","url":"https:\/\/dovida.ch\/wp-content\/uploads\/sites\/7\/2025\/02\/dovida-caregiver-portrait-elderly-care-scaled.jpg","contentUrl":"https:\/\/dovida.ch\/wp-content\/uploads\/sites\/7\/2025\/02\/dovida-caregiver-portrait-elderly-care-scaled.jpg"},{"@type":"BreadcrumbList","@id":"https:\/\/dovida.ch\/fr\/contacter-agence-locale\/#breadcrumb","itemListElement":[{"@type":"ListItem","position":1,"name":"Home","item":"https:\/\/dovida.ch\/fr\/"},{"@type":"ListItem","position":2,"name":"Contactez votre interlocuteur local"}]},{"@type":"WebSite","@id":"https:\/\/dovida.ch\/fr\/#website","url":"https:\/\/dovida.ch\/fr\/","name":"Dovida","description":"","publisher":{"@id":"https:\/\/dovida.ch\/fr\/#organization"},"potentialAction":[{"@type":"SearchAction","target":{"@type":"EntryPoint","urlTemplate":"https:\/\/dovida.ch\/fr\/?s={search_term_string}"},"query-input":{"@type":"PropertyValueSpecification","valueRequired":true,"valueName":"search_term_string"}}],"inLanguage":"fr-FR"},{"@type":"Organization","@id":"https:\/\/dovida.ch\/fr\/#organization","name":"Dovida","url":"https:\/\/dovida.ch\/fr\/","logo":{"@type":"ImageObject","inLanguage":"fr-FR","@id":"https:\/\/dovida.ch\/fr\/#\/schema\/logo\/image\/","url":"https:\/\/dovida.ch\/wp-content\/uploads\/sites\/7\/2025\/03\/organization-logo.jpg","contentUrl":"https:\/\/dovida.ch\/wp-content\/uploads\/sites\/7\/2025\/03\/organization-logo.jpg","width":696,"height":696,"caption":"Dovida"},"image":{"@id":"https:\/\/dovida.ch\/fr\/#\/schema\/logo\/image\/"}}]}},"_links":{"self":[{"href":"https:\/\/dovida.ch\/fr\/wp-json\/wp\/v2\/pages\/179","targetHints":{"allow":["GET"]}}],"collection":[{"href":"https:\/\/dovida.ch\/fr\/wp-json\/wp\/v2\/pages"}],"about":[{"href":"https:\/\/dovida.ch\/fr\/wp-json\/wp\/v2\/types\/page"}],"author":[{"embeddable":true,"href":"https:\/\/dovida.ch\/fr\/wp-json\/wp\/v2\/users\/5"}],"replies":[{"embeddable":true,"href":"https:\/\/dovida.ch\/fr\/wp-json\/wp\/v2\/comments?post=179"}],"version-history":[{"count":10,"href":"https:\/\/dovida.ch\/fr\/wp-json\/wp\/v2\/pages\/179\/revisions"}],"predecessor-version":[{"id":8376,"href":"https:\/\/dovida.ch\/fr\/wp-json\/wp\/v2\/pages\/179\/revisions\/8376"}],"wp:attachment":[{"href":"https:\/\/dovida.ch\/fr\/wp-json\/wp\/v2\/media?parent=179"}],"curies":[{"name":"wp","href":"https:\/\/api.w.org\/{rel}","templated":true}]}}