{"id":162,"date":"2025-02-03T15:56:37","date_gmt":"2025-02-03T15:56:37","guid":{"rendered":"https:\/\/dovida.ch\/?page_id=162"},"modified":"2025-02-18T10:24:05","modified_gmt":"2025-02-18T10:24:05","slug":"cercle-d-accompagnement","status":"publish","type":"page","link":"https:\/\/dovida.ch\/fr\/a-propos-de-nous\/cercle-d-accompagnement\/","title":{"rendered":"Notre philosophie du cercle d\u2019accompagnement"},"content":{"rendered":"\n<section class=\"wp-block-dovida-split-screen-cover mt-split-screen-cover mt-split-screen-cover--align-media-left\"><div class=\"mt-split-screen-cover__inner page-container\"><div class=\"mt-split-screen-cover__image-container object-fit\"><img decoding=\"async\" class=\"mt-split-screen-cover__image-container object-fit\" src=\"https:\/\/dovida.ch\/wp-content\/uploads\/sites\/7\/2025\/02\/205349_Dovida_4673_aRGB_LOW-scaled.jpg\" alt=\"\" style=\"object-position:center\"\/><\/div><div class=\"mt-split-screen-cover__text-container\"><h1 class=\"mt-title mt-split-screen-cover__title mt-title\">Notre philosophie <br>du cercle d\u2019accompagnement<\/h1>\n<p>L\u2019essence de notre philosophie consiste \u00e0 placer l\u2019individu au c\u0153ur de tout ce que nous faisons.<\/p>\n<\/div><\/div><\/section>\n\n\n\n<section class=\"mtSpacing-top-large wp-block-dovida-post-content mt-post-content\"><div class=\"mt-post-content__inner\"><div class=\"mt-post-content__content\">\n<h2 class=\"wp-block-heading\">L\u2019essence de notre philosophie<\/h2>\n\n\n\n<p>Au c\u0153ur de notre philosophie r\u00e8gne la conviction que l\u2019individu doit toujours \u00eatre au centre de tout ce que nous faisons. Notre accompagnement a pour objectif de permettre aux personnes de vivre leur vie \u2013 faire leur chemin \u2013 dans le confort de leur propre domicile. <\/p>\n\n\n\n<p>Cela signifie que nous adaptons notre soutien aux valeurs, aux centres d\u2019int\u00e9r\u00eat et \u00e0 la personnalit\u00e9 unique de chaque individu.<br><br>Si certain\/e de nos cliente et client ont seulement besoin d\u2019une visite hebdomadaire pour les aider dans leurs t\u00e2ches m\u00e9nag\u00e8res, d\u2019autres ont besoin d\u2019une aide quotidienne. Certains ont besoin d\u2019un soutien temporaire apr\u00e8s une intervention chirurgicale ou que l\u2019on vienne offrir un soulagement pour permettre \u00e0 leurs proches de faire une pause. D\u2019autres font appel \u00e0 nos services de mani\u00e8re continue. Quelle que soit la situation, nous fa\u00e7onnons notre accompagnement en fonction de vos besoins.<br><br>Rien ne nous rend plus fiers que de permettre \u00e0 chaque personne de vivre sa vie en ayant des liens avec les autres, en se sentant en confiance et en faisant des choix \u2013 d\u2019une mani\u00e8re qui a du sens pour elle.<\/p>\n\n\n\n<h2 class=\"wp-block-heading\">Notre approche du cercle d\u2019accompagnement<\/h2>\n\n\n\n<p>Pour tenir cette promesse, il faut consid\u00e9rer non seulement la personne que nous aidons directement, mais aussi son cercle d\u2019accompagnement.<br><br>C&rsquo;est pourquoi nous adoptons une approche holistique et cherchons \u00e0 cr\u00e9er des synergies entre la personne, sa famille, son cercle social, nos accompagnants et la communaut\u00e9 des soins de sant\u00e9 au sens large, en pla\u00e7ant toujours l\u2019individu au centre.<\/p>\n<\/div><\/div><\/section>\n\n\n\n<section class=\"mtSpacing-top-large wp-block-morningmodules-text-link-boxes mt-text-link-boxes mt-text-link-boxes--mobile-slider\" data-count=\"3\"><div class=\"mt-text-link-boxes__wrapper\"><div class=\"mt-text-link-boxes__inner\"><div class=\"mt-text-link-boxes__text-container\"><h2 class=\"mt-title mt-text-link-boxes__title mt-title\">Notre engagement<\/h2><\/div><div class=\"mt-text-link-boxes__boxes-wrapper\"><div class=\"swiper\"><div class=\"swiper-wrapper\">\n<div class=\"wp-block-morningmodules-text-link-box mt-text-link-box swiper-slide\"><div class=\"mt-text-link-box__title-container\"><div class=\"mt-text-link-box__icon-container\"><img decoding=\"async\" src=\"https:\/\/dovida.ch\/wp-content\/uploads\/sites\/7\/2025\/02\/Home_heart.svg\" alt=\"\" style=\"object-position:center\"\/><\/div><h3 class=\"mt-title mt-text-link-box__title mt-title\">Une approche holistique<\/h3><\/div><p class=\"mt-text-link-box__text\">Nous ne consid\u00e9rons pas seulement la personne que nous soutenons, mais l\u2019ensemble de son cercle d\u2019accompagnement.<\/p><\/div>\n\n\n\n<div class=\"wp-block-morningmodules-text-link-box mt-text-link-box swiper-slide\"><div class=\"mt-text-link-box__title-container\"><div class=\"mt-text-link-box__icon-container\"><img decoding=\"async\" src=\"https:\/\/dovida.ch\/wp-content\/uploads\/sites\/7\/2025\/02\/Person_heart.svg\" alt=\"\" style=\"object-position:center\"\/><\/div><h3 class=\"mt-title mt-text-link-box__title mt-title\">Autonomisation des accompagnants \u00e9galement<\/h3><\/div><p class=\"mt-text-link-box__text\">Nous investissons dans nos accompagnants en les formant, soutenant et reconnaissant leurs forces uniques.<\/p><\/div>\n\n\n\n<div class=\"wp-block-morningmodules-text-link-box mt-text-link-box swiper-slide\"><div class=\"mt-text-link-box__title-container\"><div class=\"mt-text-link-box__icon-container\"><img decoding=\"async\" src=\"https:\/\/dovida.ch\/wp-content\/uploads\/sites\/7\/2025\/02\/Checkmark_icon.svg\" alt=\"\" style=\"object-position:center\"\/><\/div><h3 class=\"mt-title mt-text-link-box__title mt-title\">Une confiance qui dure depuis 2007<\/h3><\/div><p class=\"mt-text-link-box__text\">Depuis plus de deux d\u00e9cennies, on nous fait confiance pour fournir une aide personnalis\u00e9e qui a du sens pour l\u2019individu.<\/p><\/div>\n<\/div><\/div><div class=\"mt-text-link-boxes__navigation swiper-bottom-container\"><div class=\"mt-text-link-boxes__swiper-progress swiper-progress\"><\/div><div class=\"mt-text-link-boxes__swiper-buttons swiper-buttons\"><div class=\"mt-text-link-boxes__swiper-button mt-text-link-boxes__swiper-button--prev swiper-button-prev\"><svg xmlns=\"http:\/\/www.w3.org\/2000\/svg\" fill=\"none\" viewBox=\"0 0 9 14\"><path stroke=\"#121212\" stroke-linecap=\"round\" stroke-linejoin=\"round\" stroke-width=\"1.5\" d=\"m1.6 1 6 6.316L1.6 13\"><\/path><\/svg><\/div><div class=\"mt-text-link-boxes__swiper-button mt-text-link-boxes__swiper-button--next swiper-button-next\"><svg xmlns=\"http:\/\/www.w3.org\/2000\/svg\" fill=\"none\" viewBox=\"0 0 9 14\"><path stroke=\"#121212\" stroke-linecap=\"round\" stroke-linejoin=\"round\" stroke-width=\"1.5\" d=\"m1.6 1 6 6.316L1.6 13\"><\/path><\/svg><\/div><\/div><\/div><\/div><\/div><\/div><\/section>\n\n\n<div data-react-component=\"LocalSearch\" data-react-props=\"{&quot;title&quot;:&quot;Rejoignez notre \\u00abCercle d\\u2019accompagnement\\u00bb d\\u00e8s aujourd\\u2019hui&quot;,&quot;titleTag&quot;:&quot;h2&quot;,&quot;text&quot;:&quot;Recherche de carte postale&quot;,&quot;placeholder&quot;:&quot;Entrez le code postal \\\/ le lieu&quot;,&quot;media&quot;:{&quot;id&quot;:26,&quot;url&quot;:&quot;https:\\\/\\\/dovida.ch\\\/wp-content\\\/uploads\\\/sites\\\/7\\\/2025\\\/02\\\/dovida-caregiver-supporting-elderly-in-home-care-scaled.jpg&quot;,&quot;alt&quot;:&quot;\\&quot;\\&quot;&quot;,&quot;type&quot;:&quot;image&quot;,&quot;subtype&quot;:&quot;jpeg&quot;},&quot;mtSpacing&quot;:{&quot;top&quot;:&quot;large&quot;,&quot;bottom&quot;:&quot;small&quot;},&quot;type&quot;:&quot;inquiries&quot;,&quot;fieldType&quot;:&quot;search&quot;,&quot;mediaType&quot;:&quot;image&quot;,&quot;subtext&quot;:&quot;Nous avons des interlocuteurs dans toutes les r\\u00e9gions de Suisse romande et de Suisse al\\u00e8manique.&quot;,&quot;subtextVisible&quot;:null,&quot;noResultsTitle&quot;:null,&quot;noResultsText&quot;:null,&quot;mapKey&quot;:&quot;&quot;}\">\n    \n<\/div>\n\n\n\n\n<p><\/p>\n","protected":false},"excerpt":{"rendered":"","protected":false},"author":5,"featured_media":0,"parent":136,"menu_order":0,"comment_status":"closed","ping_status":"closed","template":"","meta":{"_acf_changed":false,"inline_featured_image":false,"footnotes":""},"class_list":["post-162","page","type-page","status-publish","hentry"],"acf":[],"yoast_head":"<!-- This site is optimized with the Yoast SEO plugin v26.9 - https:\/\/yoast.com\/product\/yoast-seo-wordpress\/ -->\n<title>\u00c0 propos de la philosophie du cercle d\u2019accompagnement Dovida<\/title>\n<meta name=\"description\" content=\"Notre approche centr\u00e9e sur la personne met l\u2019accent sur l\u2019authenticit\u00e9 des liens, l\u2019autonomisation et apprendre \u00e0 vous conna\u00eetre, en offrant un soutien de haute qualit\u00e9.\" \/>\n<meta name=\"robots\" content=\"index, follow, max-snippet:-1, max-image-preview:large, max-video-preview:-1\" \/>\n<link rel=\"canonical\" href=\"https:\/\/dovida.ch\/fr\/a-propos-de-nous\/cercle-d-accompagnement\/\" \/>\n<meta property=\"og:locale\" content=\"fr_FR\" \/>\n<meta property=\"og:type\" content=\"article\" \/>\n<meta property=\"og:title\" content=\"\u00c0 propos de la philosophie du cercle d\u2019accompagnement Dovida\" \/>\n<meta property=\"og:description\" content=\"Notre approche centr\u00e9e sur la personne met l\u2019accent sur l\u2019authenticit\u00e9 des liens, l\u2019autonomisation et apprendre \u00e0 vous conna\u00eetre, en offrant un soutien de haute qualit\u00e9.\" \/>\n<meta property=\"og:url\" content=\"https:\/\/dovida.ch\/fr\/a-propos-de-nous\/cercle-d-accompagnement\/\" \/>\n<meta property=\"og:site_name\" content=\"Dovida CH\" \/>\n<meta property=\"article:modified_time\" content=\"2025-02-18T10:24:05+00:00\" \/>\n<meta property=\"og:image\" content=\"https:\/\/dovida.ch\/wp-content\/uploads\/sites\/7\/2025\/02\/205349_Dovida_4673_aRGB_LOW-scaled.jpg\" \/>\n<meta name=\"twitter:card\" content=\"summary_large_image\" \/>\n<meta name=\"twitter:label1\" content=\"Dur\u00e9e de lecture estim\u00e9e\" \/>\n\t<meta name=\"twitter:data1\" content=\"3 minutes\" \/>\n<script type=\"application\/ld+json\" class=\"yoast-schema-graph\">{\"@context\":\"https:\/\/schema.org\",\"@graph\":[{\"@type\":\"WebPage\",\"@id\":\"https:\/\/dovida.ch\/fr\/a-propos-de-nous\/cercle-d-accompagnement\/\",\"url\":\"https:\/\/dovida.ch\/fr\/a-propos-de-nous\/cercle-d-accompagnement\/\",\"name\":\"\u00c0 propos de la philosophie du cercle d\u2019accompagnement Dovida\",\"isPartOf\":{\"@id\":\"https:\/\/dovida.ch\/fr\/#website\"},\"primaryImageOfPage\":{\"@id\":\"https:\/\/dovida.ch\/fr\/a-propos-de-nous\/cercle-d-accompagnement\/#primaryimage\"},\"image\":{\"@id\":\"https:\/\/dovida.ch\/fr\/a-propos-de-nous\/cercle-d-accompagnement\/#primaryimage\"},\"thumbnailUrl\":\"https:\/\/dovida.ch\/wp-content\/uploads\/sites\/7\/2025\/02\/205349_Dovida_4673_aRGB_LOW-scaled.jpg\",\"datePublished\":\"2025-02-03T15:56:37+00:00\",\"dateModified\":\"2025-02-18T10:24:05+00:00\",\"description\":\"Notre approche centr\u00e9e sur la personne met l\u2019accent sur l\u2019authenticit\u00e9 des liens, l\u2019autonomisation et apprendre \u00e0 vous conna\u00eetre, en offrant un soutien de haute qualit\u00e9.\",\"breadcrumb\":{\"@id\":\"https:\/\/dovida.ch\/fr\/a-propos-de-nous\/cercle-d-accompagnement\/#breadcrumb\"},\"inLanguage\":\"fr-FR\",\"potentialAction\":[{\"@type\":\"ReadAction\",\"target\":[\"https:\/\/dovida.ch\/fr\/a-propos-de-nous\/cercle-d-accompagnement\/\"]}]},{\"@type\":\"ImageObject\",\"inLanguage\":\"fr-FR\",\"@id\":\"https:\/\/dovida.ch\/fr\/a-propos-de-nous\/cercle-d-accompagnement\/#primaryimage\",\"url\":\"https:\/\/dovida.ch\/wp-content\/uploads\/sites\/7\/2025\/02\/205349_Dovida_4673_aRGB_LOW-scaled.jpg\",\"contentUrl\":\"https:\/\/dovida.ch\/wp-content\/uploads\/sites\/7\/2025\/02\/205349_Dovida_4673_aRGB_LOW-scaled.jpg\"},{\"@type\":\"BreadcrumbList\",\"@id\":\"https:\/\/dovida.ch\/fr\/a-propos-de-nous\/cercle-d-accompagnement\/#breadcrumb\",\"itemListElement\":[{\"@type\":\"ListItem\",\"position\":1,\"name\":\"Home\",\"item\":\"https:\/\/dovida.ch\/fr\/\"},{\"@type\":\"ListItem\",\"position\":2,\"name\":\"\u00c0 propos de Dovida\",\"item\":\"https:\/\/dovida.ch\/fr\/a-propos-de-nous\/\"},{\"@type\":\"ListItem\",\"position\":3,\"name\":\"Notre philosophie du cercle d\u2019accompagnement\"}]},{\"@type\":\"WebSite\",\"@id\":\"https:\/\/dovida.ch\/fr\/#website\",\"url\":\"https:\/\/dovida.ch\/fr\/\",\"name\":\"Dovida\",\"description\":\"\",\"publisher\":{\"@id\":\"https:\/\/dovida.ch\/fr\/#organization\"},\"potentialAction\":[{\"@type\":\"SearchAction\",\"target\":{\"@type\":\"EntryPoint\",\"urlTemplate\":\"https:\/\/dovida.ch\/fr\/?s={search_term_string}\"},\"query-input\":{\"@type\":\"PropertyValueSpecification\",\"valueRequired\":true,\"valueName\":\"search_term_string\"}}],\"inLanguage\":\"fr-FR\"},{\"@type\":\"Organization\",\"@id\":\"https:\/\/dovida.ch\/fr\/#organization\",\"name\":\"Dovida\",\"url\":\"https:\/\/dovida.ch\/fr\/\",\"logo\":{\"@type\":\"ImageObject\",\"inLanguage\":\"fr-FR\",\"@id\":\"https:\/\/dovida.ch\/fr\/#\/schema\/logo\/image\/\",\"url\":\"https:\/\/dovida.ch\/wp-content\/uploads\/sites\/7\/2025\/03\/organization-logo.jpg\",\"contentUrl\":\"https:\/\/dovida.ch\/wp-content\/uploads\/sites\/7\/2025\/03\/organization-logo.jpg\",\"width\":696,\"height\":696,\"caption\":\"Dovida\"},\"image\":{\"@id\":\"https:\/\/dovida.ch\/fr\/#\/schema\/logo\/image\/\"}}]}<\/script>\n<!-- \/ Yoast SEO plugin. -->","yoast_head_json":{"title":"\u00c0 propos de la philosophie du cercle d\u2019accompagnement Dovida","description":"Notre approche centr\u00e9e sur la personne met l\u2019accent sur l\u2019authenticit\u00e9 des liens, l\u2019autonomisation et apprendre \u00e0 vous conna\u00eetre, en offrant un soutien de haute qualit\u00e9.","robots":{"index":"index","follow":"follow","max-snippet":"max-snippet:-1","max-image-preview":"max-image-preview:large","max-video-preview":"max-video-preview:-1"},"canonical":"https:\/\/dovida.ch\/fr\/a-propos-de-nous\/cercle-d-accompagnement\/","og_locale":"fr_FR","og_type":"article","og_title":"\u00c0 propos de la philosophie du cercle d\u2019accompagnement Dovida","og_description":"Notre approche centr\u00e9e sur la personne met l\u2019accent sur l\u2019authenticit\u00e9 des liens, l\u2019autonomisation et apprendre \u00e0 vous conna\u00eetre, en offrant un soutien de haute qualit\u00e9.","og_url":"https:\/\/dovida.ch\/fr\/a-propos-de-nous\/cercle-d-accompagnement\/","og_site_name":"Dovida CH","article_modified_time":"2025-02-18T10:24:05+00:00","og_image":[{"url":"https:\/\/dovida.ch\/wp-content\/uploads\/sites\/7\/2025\/02\/205349_Dovida_4673_aRGB_LOW-scaled.jpg","type":"","width":"","height":""}],"twitter_card":"summary_large_image","twitter_misc":{"Dur\u00e9e de lecture estim\u00e9e":"3 minutes"},"schema":{"@context":"https:\/\/schema.org","@graph":[{"@type":"WebPage","@id":"https:\/\/dovida.ch\/fr\/a-propos-de-nous\/cercle-d-accompagnement\/","url":"https:\/\/dovida.ch\/fr\/a-propos-de-nous\/cercle-d-accompagnement\/","name":"\u00c0 propos de la philosophie du cercle d\u2019accompagnement Dovida","isPartOf":{"@id":"https:\/\/dovida.ch\/fr\/#website"},"primaryImageOfPage":{"@id":"https:\/\/dovida.ch\/fr\/a-propos-de-nous\/cercle-d-accompagnement\/#primaryimage"},"image":{"@id":"https:\/\/dovida.ch\/fr\/a-propos-de-nous\/cercle-d-accompagnement\/#primaryimage"},"thumbnailUrl":"https:\/\/dovida.ch\/wp-content\/uploads\/sites\/7\/2025\/02\/205349_Dovida_4673_aRGB_LOW-scaled.jpg","datePublished":"2025-02-03T15:56:37+00:00","dateModified":"2025-02-18T10:24:05+00:00","description":"Notre approche centr\u00e9e sur la personne met l\u2019accent sur l\u2019authenticit\u00e9 des liens, l\u2019autonomisation et apprendre \u00e0 vous conna\u00eetre, en offrant un soutien de haute qualit\u00e9.","breadcrumb":{"@id":"https:\/\/dovida.ch\/fr\/a-propos-de-nous\/cercle-d-accompagnement\/#breadcrumb"},"inLanguage":"fr-FR","potentialAction":[{"@type":"ReadAction","target":["https:\/\/dovida.ch\/fr\/a-propos-de-nous\/cercle-d-accompagnement\/"]}]},{"@type":"ImageObject","inLanguage":"fr-FR","@id":"https:\/\/dovida.ch\/fr\/a-propos-de-nous\/cercle-d-accompagnement\/#primaryimage","url":"https:\/\/dovida.ch\/wp-content\/uploads\/sites\/7\/2025\/02\/205349_Dovida_4673_aRGB_LOW-scaled.jpg","contentUrl":"https:\/\/dovida.ch\/wp-content\/uploads\/sites\/7\/2025\/02\/205349_Dovida_4673_aRGB_LOW-scaled.jpg"},{"@type":"BreadcrumbList","@id":"https:\/\/dovida.ch\/fr\/a-propos-de-nous\/cercle-d-accompagnement\/#breadcrumb","itemListElement":[{"@type":"ListItem","position":1,"name":"Home","item":"https:\/\/dovida.ch\/fr\/"},{"@type":"ListItem","position":2,"name":"\u00c0 propos de Dovida","item":"https:\/\/dovida.ch\/fr\/a-propos-de-nous\/"},{"@type":"ListItem","position":3,"name":"Notre philosophie du cercle d\u2019accompagnement"}]},{"@type":"WebSite","@id":"https:\/\/dovida.ch\/fr\/#website","url":"https:\/\/dovida.ch\/fr\/","name":"Dovida","description":"","publisher":{"@id":"https:\/\/dovida.ch\/fr\/#organization"},"potentialAction":[{"@type":"SearchAction","target":{"@type":"EntryPoint","urlTemplate":"https:\/\/dovida.ch\/fr\/?s={search_term_string}"},"query-input":{"@type":"PropertyValueSpecification","valueRequired":true,"valueName":"search_term_string"}}],"inLanguage":"fr-FR"},{"@type":"Organization","@id":"https:\/\/dovida.ch\/fr\/#organization","name":"Dovida","url":"https:\/\/dovida.ch\/fr\/","logo":{"@type":"ImageObject","inLanguage":"fr-FR","@id":"https:\/\/dovida.ch\/fr\/#\/schema\/logo\/image\/","url":"https:\/\/dovida.ch\/wp-content\/uploads\/sites\/7\/2025\/03\/organization-logo.jpg","contentUrl":"https:\/\/dovida.ch\/wp-content\/uploads\/sites\/7\/2025\/03\/organization-logo.jpg","width":696,"height":696,"caption":"Dovida"},"image":{"@id":"https:\/\/dovida.ch\/fr\/#\/schema\/logo\/image\/"}}]}},"_links":{"self":[{"href":"https:\/\/dovida.ch\/fr\/wp-json\/wp\/v2\/pages\/162","targetHints":{"allow":["GET"]}}],"collection":[{"href":"https:\/\/dovida.ch\/fr\/wp-json\/wp\/v2\/pages"}],"about":[{"href":"https:\/\/dovida.ch\/fr\/wp-json\/wp\/v2\/types\/page"}],"author":[{"embeddable":true,"href":"https:\/\/dovida.ch\/fr\/wp-json\/wp\/v2\/users\/5"}],"replies":[{"embeddable":true,"href":"https:\/\/dovida.ch\/fr\/wp-json\/wp\/v2\/comments?post=162"}],"version-history":[{"count":9,"href":"https:\/\/dovida.ch\/fr\/wp-json\/wp\/v2\/pages\/162\/revisions"}],"predecessor-version":[{"id":1230,"href":"https:\/\/dovida.ch\/fr\/wp-json\/wp\/v2\/pages\/162\/revisions\/1230"}],"up":[{"embeddable":true,"href":"https:\/\/dovida.ch\/fr\/wp-json\/wp\/v2\/pages\/136"}],"wp:attachment":[{"href":"https:\/\/dovida.ch\/fr\/wp-json\/wp\/v2\/media?parent=162"}],"curies":[{"name":"wp","href":"https:\/\/api.w.org\/{rel}","templated":true}]}}